{"id":323,"date":"2025-05-06T10:55:08","date_gmt":"2025-05-06T10:55:08","guid":{"rendered":"https:\/\/resmila.lt\/?post_type=product&#038;p=323"},"modified":"2026-04-01T05:43:57","modified_gmt":"2026-04-01T05:43:57","slug":"tekinimas","status":"publish","type":"product","link":"https:\/\/resmila.lt\/en\/product\/tekinimas\/","title":{"rendered":"Tekinimas"},"content":{"rendered":"<p>Paslaugos metu ratlankiai yra nusm\u0117liuojami ir perda\u017eomi tuomet naudojant auk\u0161to tikslumo tekinimo stakles nutekinami. Po tekinimo ratlankis lakauojamas milteliniu b\u016bdu.<\/p>\n<p>Galutinis rezultatas \u2013 tai tvarkingas ir vizualiai nepriekai\u0161tingas ratlankis. J\u016bs\u0173 automobilis v\u0117l atgaus solid\u0173 vaizd\u0105, lyg su naujais ratlankiais. Tai sprendimas, atkuriantis piln\u0105 ratlankio vert\u0119 \u2013 tiek funkcin\u0119, tiek vizualin\u0119<\/p>\n","protected":false},"excerpt":{"rendered":"<p>Ratlanki\u0173 tekinimas \u2013 tai specializuota paslauga, atkurianti pa\u017eeisto ratlankio estetin\u0119 i\u0161vaizd\u0105. Proceso metu pa\u0161alinami vizual\u016bs defektai. Tai sprendimas, gr\u0105\u017einantis J\u016bs\u0173 ratlankiams tiek techni\u0161kai tvarking\u0105 b\u016bkl\u0119, tiek nepriekai\u0161ting\u0105 vaizd\u0105.<\/p>\n<p><strong>Ratlankiai tekinami tik pilnai juos nusmeliavimus ir perda\u017eius. Po da\u017eymo atliekami tekinimo ir lakavimo darbai. Tik tekinimo paslaugos neteikiame.<\/strong><\/p>\n","protected":false},"featured_media":747,"comment_status":"open","ping_status":"closed","template":"","meta":{"_acf_changed":false},"product_brand":[],"product_cat":[39,40,41,42,43,44,31],"product_tag":[],"class_list":{"0":"post-323","1":"product","2":"type-product","3":"status-publish","4":"has-post-thumbnail","6":"product_cat-39","7":"product_cat-40","8":"product_cat-41","9":"product_cat-42","10":"product_cat-43","11":"product_cat-44","12":"product_cat-tekinimas","14":"first","15":"instock","16":"sale","17":"shipping-taxable","18":"purchasable","19":"product-type-simple"},"acf":[],"yoast_head":"<!-- This site is optimized with the Yoast SEO plugin v27.4 - https:\/\/yoast.com\/product\/yoast-seo-wordpress\/ -->\n<title>Tekinimas - resmila<\/title>\n<meta name=\"robots\" content=\"index, follow, max-snippet:-1, max-image-preview:large, max-video-preview:-1\" \/>\n<link rel=\"canonical\" href=\"https:\/\/resmila.lt\/produktas\/tekinimas\/\" \/>\n<meta property=\"og:locale\" content=\"en_US\" \/>\n<meta property=\"og:type\" content=\"article\" \/>\n<meta property=\"og:title\" content=\"Tekinimas - resmila\" \/>\n<meta property=\"og:description\" content=\"Ratlanki\u0173 tekinimas \u2013 tai specializuota paslauga, atkurianti pa\u017eeisto ratlankio estetin\u0119 i\u0161vaizd\u0105. Proceso metu pa\u0161alinami vizual\u016bs defektai. Tai sprendimas, gr\u0105\u017einantis J\u016bs\u0173 ratlankiams tiek techni\u0161kai tvarking\u0105 b\u016bkl\u0119, tiek nepriekai\u0161ting\u0105 vaizd\u0105.  Ratlankiai tekinami tik pilnai juos nusmeliavimus ir perda\u017eius. Po da\u017eymo atliekami tekinimo ir lakavimo darbai. Tik tekinimo paslaugos neteikiame.\" \/>\n<meta property=\"og:url\" content=\"https:\/\/resmila.lt\/produktas\/tekinimas\/\" \/>\n<meta property=\"og:site_name\" content=\"resmila\" \/>\n<meta property=\"article:modified_time\" content=\"2026-04-01T05:43:57+00:00\" \/>\n<meta property=\"og:image\" content=\"https:\/\/resmila.lt\/wp-content\/uploads\/2025\/05\/tekinimas.png\" \/>\n\t<meta property=\"og:image:width\" content=\"577\" \/>\n\t<meta property=\"og:image:height\" content=\"433\" \/>\n\t<meta property=\"og:image:type\" content=\"image\/png\" \/>\n<meta name=\"twitter:card\" content=\"summary_large_image\" \/>\n<meta name=\"twitter:label1\" content=\"Est. reading time\" \/>\n\t<meta name=\"twitter:data1\" content=\"1 minute\" \/>\n<script type=\"application\/ld+json\" class=\"yoast-schema-graph\">{\"@context\":\"https:\\\/\\\/schema.org\",\"@graph\":[{\"@type\":\"WebPage\",\"@id\":\"https:\\\/\\\/resmila.lt\\\/produktas\\\/tekinimas\\\/\",\"url\":\"https:\\\/\\\/resmila.lt\\\/produktas\\\/tekinimas\\\/\",\"name\":\"Tekinimas - resmila\",\"isPartOf\":{\"@id\":\"https:\\\/\\\/resmila.lt\\\/#website\"},\"primaryImageOfPage\":{\"@id\":\"https:\\\/\\\/resmila.lt\\\/produktas\\\/tekinimas\\\/#primaryimage\"},\"image\":{\"@id\":\"https:\\\/\\\/resmila.lt\\\/produktas\\\/tekinimas\\\/#primaryimage\"},\"thumbnailUrl\":\"https:\\\/\\\/resmila.lt\\\/wp-content\\\/uploads\\\/2025\\\/05\\\/tekinimas.png\",\"datePublished\":\"2025-05-06T10:55:08+00:00\",\"dateModified\":\"2026-04-01T05:43:57+00:00\",\"breadcrumb\":{\"@id\":\"https:\\\/\\\/resmila.lt\\\/produktas\\\/tekinimas\\\/#breadcrumb\"},\"inLanguage\":\"en-US\",\"potentialAction\":[{\"@type\":\"ReadAction\",\"target\":[\"https:\\\/\\\/resmila.lt\\\/produktas\\\/tekinimas\\\/\"]}]},{\"@type\":\"ImageObject\",\"inLanguage\":\"en-US\",\"@id\":\"https:\\\/\\\/resmila.lt\\\/produktas\\\/tekinimas\\\/#primaryimage\",\"url\":\"https:\\\/\\\/resmila.lt\\\/wp-content\\\/uploads\\\/2025\\\/05\\\/tekinimas.png\",\"contentUrl\":\"https:\\\/\\\/resmila.lt\\\/wp-content\\\/uploads\\\/2025\\\/05\\\/tekinimas.png\",\"width\":577,\"height\":433},{\"@type\":\"BreadcrumbList\",\"@id\":\"https:\\\/\\\/resmila.lt\\\/produktas\\\/tekinimas\\\/#breadcrumb\",\"itemListElement\":[{\"@type\":\"ListItem\",\"position\":1,\"name\":\"Pagrindinis\",\"item\":\"https:\\\/\\\/resmila.lt\\\/\"},{\"@type\":\"ListItem\",\"position\":2,\"name\":\"Shop\",\"item\":\"https:\\\/\\\/resmila.lt\\\/parduotuve\\\/\"},{\"@type\":\"ListItem\",\"position\":3,\"name\":\"Tekinimas\"}]},{\"@type\":\"WebSite\",\"@id\":\"https:\\\/\\\/resmila.lt\\\/#website\",\"url\":\"https:\\\/\\\/resmila.lt\\\/\",\"name\":\"resmila\",\"description\":\"\",\"potentialAction\":[{\"@type\":\"SearchAction\",\"target\":{\"@type\":\"EntryPoint\",\"urlTemplate\":\"https:\\\/\\\/resmila.lt\\\/?s={search_term_string}\"},\"query-input\":{\"@type\":\"PropertyValueSpecification\",\"valueRequired\":true,\"valueName\":\"search_term_string\"}}],\"inLanguage\":\"en-US\"}]}<\/script>\n<!-- \/ Yoast SEO plugin. -->","yoast_head_json":{"title":"Tekinimas - resmila","robots":{"index":"index","follow":"follow","max-snippet":"max-snippet:-1","max-image-preview":"max-image-preview:large","max-video-preview":"max-video-preview:-1"},"canonical":"https:\/\/resmila.lt\/produktas\/tekinimas\/","og_locale":"en_US","og_type":"article","og_title":"Tekinimas - resmila","og_description":"Ratlanki\u0173 tekinimas \u2013 tai specializuota paslauga, atkurianti pa\u017eeisto ratlankio estetin\u0119 i\u0161vaizd\u0105. Proceso metu pa\u0161alinami vizual\u016bs defektai. Tai sprendimas, gr\u0105\u017einantis J\u016bs\u0173 ratlankiams tiek techni\u0161kai tvarking\u0105 b\u016bkl\u0119, tiek nepriekai\u0161ting\u0105 vaizd\u0105.  Ratlankiai tekinami tik pilnai juos nusmeliavimus ir perda\u017eius. Po da\u017eymo atliekami tekinimo ir lakavimo darbai. Tik tekinimo paslaugos neteikiame.","og_url":"https:\/\/resmila.lt\/produktas\/tekinimas\/","og_site_name":"resmila","article_modified_time":"2026-04-01T05:43:57+00:00","og_image":[{"width":577,"height":433,"url":"https:\/\/resmila.lt\/wp-content\/uploads\/2025\/05\/tekinimas.png","type":"image\/png"}],"twitter_card":"summary_large_image","twitter_misc":{"Est. reading time":"1 minute"},"schema":{"@context":"https:\/\/schema.org","@graph":[{"@type":"WebPage","@id":"https:\/\/resmila.lt\/produktas\/tekinimas\/","url":"https:\/\/resmila.lt\/produktas\/tekinimas\/","name":"Tekinimas - resmila","isPartOf":{"@id":"https:\/\/resmila.lt\/#website"},"primaryImageOfPage":{"@id":"https:\/\/resmila.lt\/produktas\/tekinimas\/#primaryimage"},"image":{"@id":"https:\/\/resmila.lt\/produktas\/tekinimas\/#primaryimage"},"thumbnailUrl":"https:\/\/resmila.lt\/wp-content\/uploads\/2025\/05\/tekinimas.png","datePublished":"2025-05-06T10:55:08+00:00","dateModified":"2026-04-01T05:43:57+00:00","breadcrumb":{"@id":"https:\/\/resmila.lt\/produktas\/tekinimas\/#breadcrumb"},"inLanguage":"en-US","potentialAction":[{"@type":"ReadAction","target":["https:\/\/resmila.lt\/produktas\/tekinimas\/"]}]},{"@type":"ImageObject","inLanguage":"en-US","@id":"https:\/\/resmila.lt\/produktas\/tekinimas\/#primaryimage","url":"https:\/\/resmila.lt\/wp-content\/uploads\/2025\/05\/tekinimas.png","contentUrl":"https:\/\/resmila.lt\/wp-content\/uploads\/2025\/05\/tekinimas.png","width":577,"height":433},{"@type":"BreadcrumbList","@id":"https:\/\/resmila.lt\/produktas\/tekinimas\/#breadcrumb","itemListElement":[{"@type":"ListItem","position":1,"name":"Pagrindinis","item":"https:\/\/resmila.lt\/"},{"@type":"ListItem","position":2,"name":"Shop","item":"https:\/\/resmila.lt\/parduotuve\/"},{"@type":"ListItem","position":3,"name":"Tekinimas"}]},{"@type":"WebSite","@id":"https:\/\/resmila.lt\/#website","url":"https:\/\/resmila.lt\/","name":"resmila","description":"","potentialAction":[{"@type":"SearchAction","target":{"@type":"EntryPoint","urlTemplate":"https:\/\/resmila.lt\/?s={search_term_string}"},"query-input":{"@type":"PropertyValueSpecification","valueRequired":true,"valueName":"search_term_string"}}],"inLanguage":"en-US"}]}},"_links":{"self":[{"href":"https:\/\/resmila.lt\/en\/wp-json\/wp\/v2\/product\/323","targetHints":{"allow":["GET"]}}],"collection":[{"href":"https:\/\/resmila.lt\/en\/wp-json\/wp\/v2\/product"}],"about":[{"href":"https:\/\/resmila.lt\/en\/wp-json\/wp\/v2\/types\/product"}],"replies":[{"embeddable":true,"href":"https:\/\/resmila.lt\/en\/wp-json\/wp\/v2\/comments?post=323"}],"wp:featuredmedia":[{"embeddable":true,"href":"https:\/\/resmila.lt\/en\/wp-json\/wp\/v2\/media\/747"}],"wp:attachment":[{"href":"https:\/\/resmila.lt\/en\/wp-json\/wp\/v2\/media?parent=323"}],"wp:term":[{"taxonomy":"product_brand","embeddable":true,"href":"https:\/\/resmila.lt\/en\/wp-json\/wp\/v2\/product_brand?post=323"},{"taxonomy":"product_cat","embeddable":true,"href":"https:\/\/resmila.lt\/en\/wp-json\/wp\/v2\/product_cat?post=323"},{"taxonomy":"product_tag","embeddable":true,"href":"https:\/\/resmila.lt\/en\/wp-json\/wp\/v2\/product_tag?post=323"}],"curies":[{"name":"wp","href":"https:\/\/api.w.org\/{rel}","templated":true}]}}