{"id":310,"date":"2025-05-06T07:20:19","date_gmt":"2025-05-06T07:20:19","guid":{"rendered":"https:\/\/resmila.lt\/?post_type=product&#038;p=310"},"modified":"2026-04-01T07:10:47","modified_gmt":"2026-04-01T07:10:47","slug":"motociklo-daliu-dazymas","status":"publish","type":"product","link":"https:\/\/resmila.lt\/en\/product\/motociklo-daliu-dazymas\/","title":{"rendered":"Motociklo dali\u0173 Da\u017eymas"},"content":{"rendered":"<p>Laikui b\u0117gant ar po pa\u017eeidim\u0173 motociklo da\u017e\u0173 danga praranda savo i\u0161vaizd\u0105 \u2013 atsiranda \u012fbr\u0117\u017eim\u0173, spalva i\u0161blunka ir praranda gilum\u0105. M\u016bs\u0173 motocikl\u0173 dali\u0173 da\u017eymo paslauga skirta profesionaliai \u012fgyvendinti J\u016bs\u0173 individualaus dizaino vizij\u0105. Specializuojam\u0117s daugelio motociklo dali\u0173 paruo\u0161ime ir da\u017eyme \u2013 da\u017eniausiai ai smulkesn\u0117s ir ratlankiai. Kiekvienam projektui skiriame maksimal\u0173 d\u0117mes\u012f.<\/p>\n<p>Tobulas rezultatas prasideda nuo nepriekai\u0161tingo pagrindo. Kiekvien\u0105 detal\u0119 pirmiausia kruop\u0161\u010diai paruo\u0161iame: atliekame smulkiabrazyv\u012f valym\u0105 (sm\u0117liavim\u0105), kad idealiai pa\u0161alintume senus da\u017eus, \u012fbr\u0117\u017eimus ir bet kokius nelygumus. Tik ant idealiai paruo\u0161to, lygaus ir \u0161varaus pavir\u0161iaus dengiame grunt\u0105 (jeigu reikalinga pagal poreik\u012f) ir padengiame miletiniais da\u017eais. Priklausomai nuo j\u016bs\u0173 noro, galime i\u0161gauti gil\u0173 blizges\u012f arba sodr\u0173 matin\u012f efekt\u0105. Galutinis rezultatas \u2013 nepriekai\u0161tingai lygi, gili ir ilgaam\u017e\u0117 danga be joki\u0173 defekt\u0173, kuri d\u017eiugins jus daugel\u012f met\u0173 ir leis j\u016bs\u0173 motociklui i\u0161siskirti i\u0161 minios.<\/p>\n","protected":false},"excerpt":{"rendered":"<p>Profesionaliai milteliniu b\u016bdu perda\u017eome motociklo dalis \u012f kliento pasirinkt\u0105 spalv\u0105. Atliekame piln\u0105 paruo\u0161imo ir da\u017eymo cikl\u0105, nuo sm\u0117liavimo iki galutinio da\u017eymo, jeigu pageidaujama ir lakavimo. U\u017etikriname nepriekai\u0161tingai lygi\u0105, gili\u0105 ir ilgaam\u017e\u0119 dang\u0105, kuri tarnaus ilgus metus.<\/p>\n","protected":false},"featured_media":760,"comment_status":"open","ping_status":"closed","template":"","meta":{"_acf_changed":false},"product_brand":[],"product_cat":[30],"product_tag":[],"class_list":{"0":"post-310","1":"product","2":"type-product","3":"status-publish","4":"has-post-thumbnail","6":"product_cat-miltelinis-dazymas","8":"first","9":"instock","10":"shipping-taxable","11":"product-type-simple"},"acf":[],"yoast_head":"<!-- This site is optimized with the Yoast SEO plugin v27.4 - https:\/\/yoast.com\/product\/yoast-seo-wordpress\/ -->\n<title>Motociklo dali\u0173 Da\u017eymas - resmila<\/title>\n<meta name=\"robots\" content=\"index, follow, max-snippet:-1, max-image-preview:large, max-video-preview:-1\" \/>\n<link rel=\"canonical\" href=\"https:\/\/resmila.lt\/produktas\/motociklo-daliu-dazymas\/\" \/>\n<meta property=\"og:locale\" content=\"en_US\" \/>\n<meta property=\"og:type\" content=\"article\" \/>\n<meta property=\"og:title\" content=\"Motociklo dali\u0173 Da\u017eymas - resmila\" \/>\n<meta property=\"og:description\" content=\"Profesionaliai milteliniu b\u016bdu perda\u017eome motociklo dalis \u012f kliento pasirinkt\u0105 spalv\u0105. Atliekame piln\u0105 paruo\u0161imo ir da\u017eymo cikl\u0105, nuo sm\u0117liavimo iki galutinio da\u017eymo, jeigu pageidaujama ir lakavimo. U\u017etikriname nepriekai\u0161tingai lygi\u0105, gili\u0105 ir ilgaam\u017e\u0119 dang\u0105, kuri tarnaus ilgus metus.\" \/>\n<meta property=\"og:url\" content=\"https:\/\/resmila.lt\/produktas\/motociklo-daliu-dazymas\/\" \/>\n<meta property=\"og:site_name\" content=\"resmila\" \/>\n<meta property=\"article:modified_time\" content=\"2026-04-01T07:10:47+00:00\" \/>\n<meta property=\"og:image\" content=\"https:\/\/resmila.lt\/wp-content\/uploads\/2025\/05\/motociklo-detale-2.png\" \/>\n\t<meta property=\"og:image:width\" content=\"499\" \/>\n\t<meta property=\"og:image:height\" content=\"500\" \/>\n\t<meta property=\"og:image:type\" content=\"image\/png\" \/>\n<meta name=\"twitter:card\" content=\"summary_large_image\" \/>\n<meta name=\"twitter:label1\" content=\"Est. reading time\" \/>\n\t<meta name=\"twitter:data1\" content=\"1 minute\" \/>\n<script type=\"application\/ld+json\" class=\"yoast-schema-graph\">{\"@context\":\"https:\\\/\\\/schema.org\",\"@graph\":[{\"@type\":\"WebPage\",\"@id\":\"https:\\\/\\\/resmila.lt\\\/produktas\\\/motociklo-daliu-dazymas\\\/\",\"url\":\"https:\\\/\\\/resmila.lt\\\/produktas\\\/motociklo-daliu-dazymas\\\/\",\"name\":\"Motociklo dali\u0173 Da\u017eymas - resmila\",\"isPartOf\":{\"@id\":\"https:\\\/\\\/resmila.lt\\\/#website\"},\"primaryImageOfPage\":{\"@id\":\"https:\\\/\\\/resmila.lt\\\/produktas\\\/motociklo-daliu-dazymas\\\/#primaryimage\"},\"image\":{\"@id\":\"https:\\\/\\\/resmila.lt\\\/produktas\\\/motociklo-daliu-dazymas\\\/#primaryimage\"},\"thumbnailUrl\":\"https:\\\/\\\/resmila.lt\\\/wp-content\\\/uploads\\\/2025\\\/05\\\/motociklo-detale-2.png\",\"datePublished\":\"2025-05-06T07:20:19+00:00\",\"dateModified\":\"2026-04-01T07:10:47+00:00\",\"breadcrumb\":{\"@id\":\"https:\\\/\\\/resmila.lt\\\/produktas\\\/motociklo-daliu-dazymas\\\/#breadcrumb\"},\"inLanguage\":\"en-US\",\"potentialAction\":[{\"@type\":\"ReadAction\",\"target\":[\"https:\\\/\\\/resmila.lt\\\/produktas\\\/motociklo-daliu-dazymas\\\/\"]}]},{\"@type\":\"ImageObject\",\"inLanguage\":\"en-US\",\"@id\":\"https:\\\/\\\/resmila.lt\\\/produktas\\\/motociklo-daliu-dazymas\\\/#primaryimage\",\"url\":\"https:\\\/\\\/resmila.lt\\\/wp-content\\\/uploads\\\/2025\\\/05\\\/motociklo-detale-2.png\",\"contentUrl\":\"https:\\\/\\\/resmila.lt\\\/wp-content\\\/uploads\\\/2025\\\/05\\\/motociklo-detale-2.png\",\"width\":499,\"height\":500},{\"@type\":\"BreadcrumbList\",\"@id\":\"https:\\\/\\\/resmila.lt\\\/produktas\\\/motociklo-daliu-dazymas\\\/#breadcrumb\",\"itemListElement\":[{\"@type\":\"ListItem\",\"position\":1,\"name\":\"Pagrindinis\",\"item\":\"https:\\\/\\\/resmila.lt\\\/\"},{\"@type\":\"ListItem\",\"position\":2,\"name\":\"Shop\",\"item\":\"https:\\\/\\\/resmila.lt\\\/parduotuve\\\/\"},{\"@type\":\"ListItem\",\"position\":3,\"name\":\"Motociklo dali\u0173 Da\u017eymas\"}]},{\"@type\":\"WebSite\",\"@id\":\"https:\\\/\\\/resmila.lt\\\/#website\",\"url\":\"https:\\\/\\\/resmila.lt\\\/\",\"name\":\"resmila\",\"description\":\"\",\"potentialAction\":[{\"@type\":\"SearchAction\",\"target\":{\"@type\":\"EntryPoint\",\"urlTemplate\":\"https:\\\/\\\/resmila.lt\\\/?s={search_term_string}\"},\"query-input\":{\"@type\":\"PropertyValueSpecification\",\"valueRequired\":true,\"valueName\":\"search_term_string\"}}],\"inLanguage\":\"en-US\"}]}<\/script>\n<!-- \/ Yoast SEO plugin. -->","yoast_head_json":{"title":"Motociklo dali\u0173 Da\u017eymas - resmila","robots":{"index":"index","follow":"follow","max-snippet":"max-snippet:-1","max-image-preview":"max-image-preview:large","max-video-preview":"max-video-preview:-1"},"canonical":"https:\/\/resmila.lt\/produktas\/motociklo-daliu-dazymas\/","og_locale":"en_US","og_type":"article","og_title":"Motociklo dali\u0173 Da\u017eymas - resmila","og_description":"Profesionaliai milteliniu b\u016bdu perda\u017eome motociklo dalis \u012f kliento pasirinkt\u0105 spalv\u0105. Atliekame piln\u0105 paruo\u0161imo ir da\u017eymo cikl\u0105, nuo sm\u0117liavimo iki galutinio da\u017eymo, jeigu pageidaujama ir lakavimo. U\u017etikriname nepriekai\u0161tingai lygi\u0105, gili\u0105 ir ilgaam\u017e\u0119 dang\u0105, kuri tarnaus ilgus metus.","og_url":"https:\/\/resmila.lt\/produktas\/motociklo-daliu-dazymas\/","og_site_name":"resmila","article_modified_time":"2026-04-01T07:10:47+00:00","og_image":[{"width":499,"height":500,"url":"https:\/\/resmila.lt\/wp-content\/uploads\/2025\/05\/motociklo-detale-2.png","type":"image\/png"}],"twitter_card":"summary_large_image","twitter_misc":{"Est. reading time":"1 minute"},"schema":{"@context":"https:\/\/schema.org","@graph":[{"@type":"WebPage","@id":"https:\/\/resmila.lt\/produktas\/motociklo-daliu-dazymas\/","url":"https:\/\/resmila.lt\/produktas\/motociklo-daliu-dazymas\/","name":"Motociklo dali\u0173 Da\u017eymas - resmila","isPartOf":{"@id":"https:\/\/resmila.lt\/#website"},"primaryImageOfPage":{"@id":"https:\/\/resmila.lt\/produktas\/motociklo-daliu-dazymas\/#primaryimage"},"image":{"@id":"https:\/\/resmila.lt\/produktas\/motociklo-daliu-dazymas\/#primaryimage"},"thumbnailUrl":"https:\/\/resmila.lt\/wp-content\/uploads\/2025\/05\/motociklo-detale-2.png","datePublished":"2025-05-06T07:20:19+00:00","dateModified":"2026-04-01T07:10:47+00:00","breadcrumb":{"@id":"https:\/\/resmila.lt\/produktas\/motociklo-daliu-dazymas\/#breadcrumb"},"inLanguage":"en-US","potentialAction":[{"@type":"ReadAction","target":["https:\/\/resmila.lt\/produktas\/motociklo-daliu-dazymas\/"]}]},{"@type":"ImageObject","inLanguage":"en-US","@id":"https:\/\/resmila.lt\/produktas\/motociklo-daliu-dazymas\/#primaryimage","url":"https:\/\/resmila.lt\/wp-content\/uploads\/2025\/05\/motociklo-detale-2.png","contentUrl":"https:\/\/resmila.lt\/wp-content\/uploads\/2025\/05\/motociklo-detale-2.png","width":499,"height":500},{"@type":"BreadcrumbList","@id":"https:\/\/resmila.lt\/produktas\/motociklo-daliu-dazymas\/#breadcrumb","itemListElement":[{"@type":"ListItem","position":1,"name":"Pagrindinis","item":"https:\/\/resmila.lt\/"},{"@type":"ListItem","position":2,"name":"Shop","item":"https:\/\/resmila.lt\/parduotuve\/"},{"@type":"ListItem","position":3,"name":"Motociklo dali\u0173 Da\u017eymas"}]},{"@type":"WebSite","@id":"https:\/\/resmila.lt\/#website","url":"https:\/\/resmila.lt\/","name":"resmila","description":"","potentialAction":[{"@type":"SearchAction","target":{"@type":"EntryPoint","urlTemplate":"https:\/\/resmila.lt\/?s={search_term_string}"},"query-input":{"@type":"PropertyValueSpecification","valueRequired":true,"valueName":"search_term_string"}}],"inLanguage":"en-US"}]}},"_links":{"self":[{"href":"https:\/\/resmila.lt\/en\/wp-json\/wp\/v2\/product\/310","targetHints":{"allow":["GET"]}}],"collection":[{"href":"https:\/\/resmila.lt\/en\/wp-json\/wp\/v2\/product"}],"about":[{"href":"https:\/\/resmila.lt\/en\/wp-json\/wp\/v2\/types\/product"}],"replies":[{"embeddable":true,"href":"https:\/\/resmila.lt\/en\/wp-json\/wp\/v2\/comments?post=310"}],"wp:featuredmedia":[{"embeddable":true,"href":"https:\/\/resmila.lt\/en\/wp-json\/wp\/v2\/media\/760"}],"wp:attachment":[{"href":"https:\/\/resmila.lt\/en\/wp-json\/wp\/v2\/media?parent=310"}],"wp:term":[{"taxonomy":"product_brand","embeddable":true,"href":"https:\/\/resmila.lt\/en\/wp-json\/wp\/v2\/product_brand?post=310"},{"taxonomy":"product_cat","embeddable":true,"href":"https:\/\/resmila.lt\/en\/wp-json\/wp\/v2\/product_cat?post=310"},{"taxonomy":"product_tag","embeddable":true,"href":"https:\/\/resmila.lt\/en\/wp-json\/wp\/v2\/product_tag?post=310"}],"curies":[{"name":"wp","href":"https:\/\/api.w.org\/{rel}","templated":true}]}}