{"id":309,"date":"2025-05-06T07:18:56","date_gmt":"2025-05-06T07:18:56","guid":{"rendered":"https:\/\/resmila.lt\/?post_type=product&#038;p=309"},"modified":"2026-04-01T06:47:56","modified_gmt":"2026-04-01T06:47:56","slug":"smulkiu-gabaritu-gaminiu-smeliavimas-dazymas","status":"publish","type":"product","link":"https:\/\/resmila.lt\/en\/product\/smulkiu-gabaritu-gaminiu-smeliavimas-dazymas\/","title":{"rendered":"Smulki\u0173 gabarit\u0173 gamini\u0173 Sm\u0117liavimas + Da\u017eymas"},"content":{"rendered":"<p>Daugelis daikt\u0173, kurie mums svarb\u016bs \u2013 nuo senovin\u0117s komodos ranken\u0117li\u0173 iki restauruojamo automobilio detali\u0173 \u2013 turi sud\u0117tingas formas, kurios apsunkina j\u0173 atnaujinim\u0105. M\u016bs\u0173 smulki\u0173 detali\u0173 sm\u0117liavimo ir da\u017eymo paslauga yra skirta b\u016btent tokiems asmeniniams projektams ir vertingiems daiktams, kuriems norisi sugr\u0105\u017einti prarast\u0105 i\u0161vaizd\u0105, i\u0161saugant j\u0173 autenti\u0161kum\u0105 ir formas.<\/p>\n<p>Pavir\u0161iaus paruo\u0161imas atliekamas kontroliuojama abrazyvo srove, parenkant jos sl\u0117g\u012f ir abrazyvo tip\u0105 pagal apdirbam\u0105 med\u017eiag\u0105. Tai leid\u017eia pa\u0161alinti senas dangas ir korozij\u0105 nepa\u017eeid\u017eiant originalaus pavir\u0161iaus reljefo. Po paruo\u0161imo detal\u0117 gruntuojama ir dengiama miltelini\u0173 da\u017e\u0173 danga, kuri u\u017etikrina tolyg\u0173 padengim\u0105 ir sukibim\u0105 net ir sunkiai prieinamose vietose.<\/p>\n<p>Profesionalaus apdirbimo rezultatas \u2013 tai ne tik esteti\u0161ka, bet ir funkcionali danga, kuri tarnaus ilgus metus. M\u016bs\u0173 taikomos technologijos u\u017etikrina dangos atsparum\u0105 mechaniniam poveikiui ir trin\u010diai, apsaugodamos J\u016bs\u0173 daiktus nuo tolimesnio d\u0117v\u0117jimosi. Tai protingas sprendimas, leid\u017eiantis i\u0161saugoti ir toliau naudoti Jums brangius ar reikalingus daiktus, u\u017euot ie\u0161kojus jiems pakaital\u0173.<\/p>\n<p>&nbsp;<\/p>\n","protected":false},"excerpt":{"rendered":"<p>Smulki\u0173 detali\u0173 sm\u0117liavimas ir da\u017eymas \u2013 tai profesionali paslauga, skirta atkurti nusid\u0117v\u0117jusius ar pa\u017eeistus pavir\u0161ius. Atliekame \u012fvairi\u0173 gamini\u0173 \u2013 nuo automobilio komponent\u0173 iki bald\u0173 furnit\u016bros \u2013 piln\u0105 paruo\u0161imo ir padengimo cikl\u0105. Taikomos pramonin\u0117s technologijos u\u017etikrina dangos ilgaam\u017ei\u0161kum\u0105 ir nepriekai\u0161ting\u0105 galutinio gaminio i\u0161vaizd\u0105.<\/p>\n","protected":false},"featured_media":756,"comment_status":"open","ping_status":"closed","template":"","meta":{"_acf_changed":false},"product_brand":[],"product_cat":[30],"product_tag":[],"class_list":{"0":"post-309","1":"product","2":"type-product","3":"status-publish","4":"has-post-thumbnail","6":"product_cat-miltelinis-dazymas","8":"first","9":"instock","10":"shipping-taxable","11":"product-type-simple"},"acf":[],"yoast_head":"<!-- This site is optimized with the Yoast SEO plugin v27.4 - https:\/\/yoast.com\/product\/yoast-seo-wordpress\/ -->\n<title>Smulki\u0173 gabarit\u0173 gamini\u0173 Sm\u0117liavimas + Da\u017eymas - resmila<\/title>\n<meta name=\"robots\" content=\"index, follow, max-snippet:-1, max-image-preview:large, max-video-preview:-1\" \/>\n<link rel=\"canonical\" href=\"https:\/\/resmila.lt\/produktas\/smulkiu-gabaritu-gaminiu-smeliavimas-dazymas\/\" \/>\n<meta property=\"og:locale\" content=\"en_US\" \/>\n<meta property=\"og:type\" content=\"article\" \/>\n<meta property=\"og:title\" content=\"Smulki\u0173 gabarit\u0173 gamini\u0173 Sm\u0117liavimas + Da\u017eymas - resmila\" \/>\n<meta property=\"og:description\" content=\"Smulki\u0173 detali\u0173 sm\u0117liavimas ir da\u017eymas \u2013 tai profesionali paslauga, skirta atkurti nusid\u0117v\u0117jusius ar pa\u017eeistus pavir\u0161ius. Atliekame \u012fvairi\u0173 gamini\u0173 \u2013 nuo automobilio komponent\u0173 iki bald\u0173 furnit\u016bros \u2013 piln\u0105 paruo\u0161imo ir padengimo cikl\u0105. Taikomos pramonin\u0117s technologijos u\u017etikrina dangos ilgaam\u017ei\u0161kum\u0105 ir nepriekai\u0161ting\u0105 galutinio gaminio i\u0161vaizd\u0105.\" \/>\n<meta property=\"og:url\" content=\"https:\/\/resmila.lt\/produktas\/smulkiu-gabaritu-gaminiu-smeliavimas-dazymas\/\" \/>\n<meta property=\"og:site_name\" content=\"resmila\" \/>\n<meta property=\"article:modified_time\" content=\"2026-04-01T06:47:56+00:00\" \/>\n<meta property=\"og:image\" content=\"https:\/\/resmila.lt\/wp-content\/uploads\/2025\/05\/smulkiu-detaliu-dazymas-removebg-preview-1.png\" \/>\n\t<meta property=\"og:image:width\" content=\"500\" \/>\n\t<meta property=\"og:image:height\" content=\"500\" \/>\n\t<meta property=\"og:image:type\" content=\"image\/png\" \/>\n<meta name=\"twitter:card\" content=\"summary_large_image\" \/>\n<meta name=\"twitter:label1\" content=\"Est. reading time\" \/>\n\t<meta name=\"twitter:data1\" content=\"1 minute\" \/>\n<script type=\"application\/ld+json\" class=\"yoast-schema-graph\">{\"@context\":\"https:\\\/\\\/schema.org\",\"@graph\":[{\"@type\":\"WebPage\",\"@id\":\"https:\\\/\\\/resmila.lt\\\/produktas\\\/smulkiu-gabaritu-gaminiu-smeliavimas-dazymas\\\/\",\"url\":\"https:\\\/\\\/resmila.lt\\\/produktas\\\/smulkiu-gabaritu-gaminiu-smeliavimas-dazymas\\\/\",\"name\":\"Smulki\u0173 gabarit\u0173 gamini\u0173 Sm\u0117liavimas + Da\u017eymas - resmila\",\"isPartOf\":{\"@id\":\"https:\\\/\\\/resmila.lt\\\/#website\"},\"primaryImageOfPage\":{\"@id\":\"https:\\\/\\\/resmila.lt\\\/produktas\\\/smulkiu-gabaritu-gaminiu-smeliavimas-dazymas\\\/#primaryimage\"},\"image\":{\"@id\":\"https:\\\/\\\/resmila.lt\\\/produktas\\\/smulkiu-gabaritu-gaminiu-smeliavimas-dazymas\\\/#primaryimage\"},\"thumbnailUrl\":\"https:\\\/\\\/resmila.lt\\\/wp-content\\\/uploads\\\/2025\\\/05\\\/smulkiu-detaliu-dazymas-removebg-preview-1.png\",\"datePublished\":\"2025-05-06T07:18:56+00:00\",\"dateModified\":\"2026-04-01T06:47:56+00:00\",\"breadcrumb\":{\"@id\":\"https:\\\/\\\/resmila.lt\\\/produktas\\\/smulkiu-gabaritu-gaminiu-smeliavimas-dazymas\\\/#breadcrumb\"},\"inLanguage\":\"en-US\",\"potentialAction\":[{\"@type\":\"ReadAction\",\"target\":[\"https:\\\/\\\/resmila.lt\\\/produktas\\\/smulkiu-gabaritu-gaminiu-smeliavimas-dazymas\\\/\"]}]},{\"@type\":\"ImageObject\",\"inLanguage\":\"en-US\",\"@id\":\"https:\\\/\\\/resmila.lt\\\/produktas\\\/smulkiu-gabaritu-gaminiu-smeliavimas-dazymas\\\/#primaryimage\",\"url\":\"https:\\\/\\\/resmila.lt\\\/wp-content\\\/uploads\\\/2025\\\/05\\\/smulkiu-detaliu-dazymas-removebg-preview-1.png\",\"contentUrl\":\"https:\\\/\\\/resmila.lt\\\/wp-content\\\/uploads\\\/2025\\\/05\\\/smulkiu-detaliu-dazymas-removebg-preview-1.png\",\"width\":500,\"height\":500},{\"@type\":\"BreadcrumbList\",\"@id\":\"https:\\\/\\\/resmila.lt\\\/produktas\\\/smulkiu-gabaritu-gaminiu-smeliavimas-dazymas\\\/#breadcrumb\",\"itemListElement\":[{\"@type\":\"ListItem\",\"position\":1,\"name\":\"Pagrindinis\",\"item\":\"https:\\\/\\\/resmila.lt\\\/\"},{\"@type\":\"ListItem\",\"position\":2,\"name\":\"Shop\",\"item\":\"https:\\\/\\\/resmila.lt\\\/parduotuve\\\/\"},{\"@type\":\"ListItem\",\"position\":3,\"name\":\"Smulki\u0173 gabarit\u0173 gamini\u0173 Sm\u0117liavimas + Da\u017eymas\"}]},{\"@type\":\"WebSite\",\"@id\":\"https:\\\/\\\/resmila.lt\\\/#website\",\"url\":\"https:\\\/\\\/resmila.lt\\\/\",\"name\":\"resmila\",\"description\":\"\",\"potentialAction\":[{\"@type\":\"SearchAction\",\"target\":{\"@type\":\"EntryPoint\",\"urlTemplate\":\"https:\\\/\\\/resmila.lt\\\/?s={search_term_string}\"},\"query-input\":{\"@type\":\"PropertyValueSpecification\",\"valueRequired\":true,\"valueName\":\"search_term_string\"}}],\"inLanguage\":\"en-US\"}]}<\/script>\n<!-- \/ Yoast SEO plugin. -->","yoast_head_json":{"title":"Smulki\u0173 gabarit\u0173 gamini\u0173 Sm\u0117liavimas + Da\u017eymas - resmila","robots":{"index":"index","follow":"follow","max-snippet":"max-snippet:-1","max-image-preview":"max-image-preview:large","max-video-preview":"max-video-preview:-1"},"canonical":"https:\/\/resmila.lt\/produktas\/smulkiu-gabaritu-gaminiu-smeliavimas-dazymas\/","og_locale":"en_US","og_type":"article","og_title":"Smulki\u0173 gabarit\u0173 gamini\u0173 Sm\u0117liavimas + Da\u017eymas - resmila","og_description":"Smulki\u0173 detali\u0173 sm\u0117liavimas ir da\u017eymas \u2013 tai profesionali paslauga, skirta atkurti nusid\u0117v\u0117jusius ar pa\u017eeistus pavir\u0161ius. Atliekame \u012fvairi\u0173 gamini\u0173 \u2013 nuo automobilio komponent\u0173 iki bald\u0173 furnit\u016bros \u2013 piln\u0105 paruo\u0161imo ir padengimo cikl\u0105. Taikomos pramonin\u0117s technologijos u\u017etikrina dangos ilgaam\u017ei\u0161kum\u0105 ir nepriekai\u0161ting\u0105 galutinio gaminio i\u0161vaizd\u0105.","og_url":"https:\/\/resmila.lt\/produktas\/smulkiu-gabaritu-gaminiu-smeliavimas-dazymas\/","og_site_name":"resmila","article_modified_time":"2026-04-01T06:47:56+00:00","og_image":[{"width":500,"height":500,"url":"https:\/\/resmila.lt\/wp-content\/uploads\/2025\/05\/smulkiu-detaliu-dazymas-removebg-preview-1.png","type":"image\/png"}],"twitter_card":"summary_large_image","twitter_misc":{"Est. reading time":"1 minute"},"schema":{"@context":"https:\/\/schema.org","@graph":[{"@type":"WebPage","@id":"https:\/\/resmila.lt\/produktas\/smulkiu-gabaritu-gaminiu-smeliavimas-dazymas\/","url":"https:\/\/resmila.lt\/produktas\/smulkiu-gabaritu-gaminiu-smeliavimas-dazymas\/","name":"Smulki\u0173 gabarit\u0173 gamini\u0173 Sm\u0117liavimas + Da\u017eymas - resmila","isPartOf":{"@id":"https:\/\/resmila.lt\/#website"},"primaryImageOfPage":{"@id":"https:\/\/resmila.lt\/produktas\/smulkiu-gabaritu-gaminiu-smeliavimas-dazymas\/#primaryimage"},"image":{"@id":"https:\/\/resmila.lt\/produktas\/smulkiu-gabaritu-gaminiu-smeliavimas-dazymas\/#primaryimage"},"thumbnailUrl":"https:\/\/resmila.lt\/wp-content\/uploads\/2025\/05\/smulkiu-detaliu-dazymas-removebg-preview-1.png","datePublished":"2025-05-06T07:18:56+00:00","dateModified":"2026-04-01T06:47:56+00:00","breadcrumb":{"@id":"https:\/\/resmila.lt\/produktas\/smulkiu-gabaritu-gaminiu-smeliavimas-dazymas\/#breadcrumb"},"inLanguage":"en-US","potentialAction":[{"@type":"ReadAction","target":["https:\/\/resmila.lt\/produktas\/smulkiu-gabaritu-gaminiu-smeliavimas-dazymas\/"]}]},{"@type":"ImageObject","inLanguage":"en-US","@id":"https:\/\/resmila.lt\/produktas\/smulkiu-gabaritu-gaminiu-smeliavimas-dazymas\/#primaryimage","url":"https:\/\/resmila.lt\/wp-content\/uploads\/2025\/05\/smulkiu-detaliu-dazymas-removebg-preview-1.png","contentUrl":"https:\/\/resmila.lt\/wp-content\/uploads\/2025\/05\/smulkiu-detaliu-dazymas-removebg-preview-1.png","width":500,"height":500},{"@type":"BreadcrumbList","@id":"https:\/\/resmila.lt\/produktas\/smulkiu-gabaritu-gaminiu-smeliavimas-dazymas\/#breadcrumb","itemListElement":[{"@type":"ListItem","position":1,"name":"Pagrindinis","item":"https:\/\/resmila.lt\/"},{"@type":"ListItem","position":2,"name":"Shop","item":"https:\/\/resmila.lt\/parduotuve\/"},{"@type":"ListItem","position":3,"name":"Smulki\u0173 gabarit\u0173 gamini\u0173 Sm\u0117liavimas + Da\u017eymas"}]},{"@type":"WebSite","@id":"https:\/\/resmila.lt\/#website","url":"https:\/\/resmila.lt\/","name":"resmila","description":"","potentialAction":[{"@type":"SearchAction","target":{"@type":"EntryPoint","urlTemplate":"https:\/\/resmila.lt\/?s={search_term_string}"},"query-input":{"@type":"PropertyValueSpecification","valueRequired":true,"valueName":"search_term_string"}}],"inLanguage":"en-US"}]}},"_links":{"self":[{"href":"https:\/\/resmila.lt\/en\/wp-json\/wp\/v2\/product\/309","targetHints":{"allow":["GET"]}}],"collection":[{"href":"https:\/\/resmila.lt\/en\/wp-json\/wp\/v2\/product"}],"about":[{"href":"https:\/\/resmila.lt\/en\/wp-json\/wp\/v2\/types\/product"}],"replies":[{"embeddable":true,"href":"https:\/\/resmila.lt\/en\/wp-json\/wp\/v2\/comments?post=309"}],"wp:featuredmedia":[{"embeddable":true,"href":"https:\/\/resmila.lt\/en\/wp-json\/wp\/v2\/media\/756"}],"wp:attachment":[{"href":"https:\/\/resmila.lt\/en\/wp-json\/wp\/v2\/media?parent=309"}],"wp:term":[{"taxonomy":"product_brand","embeddable":true,"href":"https:\/\/resmila.lt\/en\/wp-json\/wp\/v2\/product_brand?post=309"},{"taxonomy":"product_cat","embeddable":true,"href":"https:\/\/resmila.lt\/en\/wp-json\/wp\/v2\/product_cat?post=309"},{"taxonomy":"product_tag","embeddable":true,"href":"https:\/\/resmila.lt\/en\/wp-json\/wp\/v2\/product_tag?post=309"}],"curies":[{"name":"wp","href":"https:\/\/api.w.org\/{rel}","templated":true}]}}