{"id":308,"date":"2025-05-06T07:18:08","date_gmt":"2025-05-06T07:18:08","guid":{"rendered":"https:\/\/resmila.lt\/?post_type=product&#038;p=308"},"modified":"2026-01-15T10:01:10","modified_gmt":"2026-01-15T10:01:10","slug":"dideliu-gabaritu-gaminiu-smeliavimas-dazymas","status":"publish","type":"product","link":"https:\/\/resmila.lt\/en\/product\/dideliu-gabaritu-gaminiu-smeliavimas-dazymas\/","title":{"rendered":"Dideli\u0173 gabarit\u0173 gamini\u0173 Sm\u0117liavimas + Da\u017eymas"},"content":{"rendered":"<p>Dideli\u0173 gabarit\u0173 gaminiai \u2013 nuo pramonini\u0173 konstrukcij\u0173 iki transporto priemoni\u0173 dali\u0173 \u2013 yra svarbi investicija, reikalaujanti patikimos apsaugos nuo aplinkos poveikio ir nusid\u0117v\u0117jimo. M\u016bs\u0173 sm\u0117liavimo, gruntavimo ir da\u017eymo paslauga yra sukurtas kompleksinis sprendimas, siekiant ne tik atnaujinti, bet ir ilgaam\u017ei\u0161kai apsaugoti didelius pavir\u0161ius. Profesionaliai ruo\u0161iame, gruntuojame ir da\u017eome metalo konstrukcijas ir kitus dideli\u0173 matmen\u0173 gaminius, kuriems reikalinga nepriekai\u0161tinga i\u0161vaizda ir maksimalus atsparumas.<\/p>\n<p>\u0160is procesas susideda i\u0161 dviej\u0173 esmini\u0173 etap\u0173, u\u017etikrinan\u010di\u0173 maksimal\u0173 rezultat\u0105. Pirmajame etape \u2013 sm\u0117liavimo metu \u2013 galinga abrazyvo srov\u0117 pa\u0161alina visus senus dangos sluoksnius, giliai \u012fsimetusi\u0105 korozij\u0105 ir kitus ter\u0161alus, atidengdama \u0161var\u0173 metal\u0105. Pavir\u0161ius yra ne tik nuvalomas, bet ir tolygiai pa\u0161iurk\u0161tinamas, taip sukuriant ideal\u0173 pagrind\u0105 sekan\u010diam \u017eingsniui. Antrajame etape atliekamas profesionalus miltelinis da\u017eymas: pavir\u0161ius gruntuojamas ir dengiamas auk\u0161tos kokyb\u0117s, milteliniais da\u017eais, kurie apsaugo nuo aplinkos poveikio, chemikal\u0173 ir mechaninio dilimo.<\/p>\n<p>M\u016bs\u0173 tikslas \u2013 ne trumpalaikis kosmetinis efektas, o ilgalaik\u0117 J\u016bs\u0173 turto vert\u0117s apsauga. Teisingai atliktas procesas u\u017etikrina ne tik reprezentatyvi\u0105 gaminio i\u0161vaizd\u0105, bet ir \u017eenkliai prailgina jo tarnavimo laik\u0105.<\/p>\n","protected":false},"excerpt":{"rendered":"<p>Profesionalus pavir\u0161iaus paruo\u0161imas ir da\u017eymas \u2013 esminis \u017eingsnis, siekiant u\u017etikrinti J\u016bs\u0173 \u012frangos ir konstrukcij\u0173 ilgaam\u017ei\u0161kum\u0105 bei nepriekai\u0161ting\u0105 i\u0161vaizd\u0105. Atnaujiname ir apsaugome nuo korozijos \u012fvairi\u0105 technik\u0105 ir metalo gaminius.<\/p>\n<p><strong>Paslauga ypa\u010d tinka:<\/strong><\/p>\n<p>\u25cf Pramoninei ir \u017eem\u0117s \u016bkio technikai<br \/>\n\u25cf Metalo konstrukcijoms ir talpykloms<br \/>\n\u25cf Sunkve\u017eimi\u0173 dalims ir ratlankiams<\/p>\n","protected":false},"featured_media":298,"comment_status":"open","ping_status":"closed","template":"","meta":{"_acf_changed":false},"product_brand":[],"product_cat":[30],"product_tag":[],"class_list":{"0":"post-308","1":"product","2":"type-product","3":"status-publish","4":"has-post-thumbnail","6":"product_cat-miltelinis-dazymas","8":"first","9":"outofstock","10":"virtual","11":"product-type-simple"},"acf":[],"yoast_head":"<!-- This site is optimized with the Yoast SEO plugin v27.4 - https:\/\/yoast.com\/product\/yoast-seo-wordpress\/ -->\n<title>Dideli\u0173 gabarit\u0173 gamini\u0173 Sm\u0117liavimas + Da\u017eymas - resmila<\/title>\n<meta name=\"robots\" content=\"index, follow, max-snippet:-1, max-image-preview:large, max-video-preview:-1\" \/>\n<link rel=\"canonical\" href=\"https:\/\/resmila.lt\/produktas\/dideliu-gabaritu-gaminiu-smeliavimas-dazymas\/\" \/>\n<meta property=\"og:locale\" content=\"en_US\" \/>\n<meta property=\"og:type\" content=\"article\" \/>\n<meta property=\"og:title\" content=\"Dideli\u0173 gabarit\u0173 gamini\u0173 Sm\u0117liavimas + Da\u017eymas - resmila\" \/>\n<meta property=\"og:description\" content=\"Profesionalus pavir\u0161iaus paruo\u0161imas ir da\u017eymas \u2013 esminis \u017eingsnis, siekiant u\u017etikrinti J\u016bs\u0173 \u012frangos ir konstrukcij\u0173 ilgaam\u017ei\u0161kum\u0105 bei nepriekai\u0161ting\u0105 i\u0161vaizd\u0105. Atnaujiname ir apsaugome nuo korozijos \u012fvairi\u0105 technik\u0105 ir metalo gaminius.  Paslauga ypa\u010d tinka:  \u25cf Pramoninei ir \u017eem\u0117s \u016bkio technikai \u25cf Metalo konstrukcijoms ir talpykloms \u25cf Sunkve\u017eimi\u0173 dalims ir ratlankiams\" \/>\n<meta property=\"og:url\" content=\"https:\/\/resmila.lt\/produktas\/dideliu-gabaritu-gaminiu-smeliavimas-dazymas\/\" \/>\n<meta property=\"og:site_name\" content=\"resmila\" \/>\n<meta property=\"article:modified_time\" content=\"2026-01-15T10:01:10+00:00\" \/>\n<meta property=\"og:image\" content=\"https:\/\/resmila.lt\/wp-content\/uploads\/2025\/05\/image3.jpg\" \/>\n\t<meta property=\"og:image:width\" content=\"401\" \/>\n\t<meta property=\"og:image:height\" content=\"295\" \/>\n\t<meta property=\"og:image:type\" content=\"image\/jpeg\" \/>\n<meta name=\"twitter:card\" content=\"summary_large_image\" \/>\n<meta name=\"twitter:label1\" content=\"Est. reading time\" \/>\n\t<meta name=\"twitter:data1\" content=\"2 minutes\" \/>\n<script type=\"application\/ld+json\" class=\"yoast-schema-graph\">{\"@context\":\"https:\\\/\\\/schema.org\",\"@graph\":[{\"@type\":\"WebPage\",\"@id\":\"https:\\\/\\\/resmila.lt\\\/produktas\\\/dideliu-gabaritu-gaminiu-smeliavimas-dazymas\\\/\",\"url\":\"https:\\\/\\\/resmila.lt\\\/produktas\\\/dideliu-gabaritu-gaminiu-smeliavimas-dazymas\\\/\",\"name\":\"Dideli\u0173 gabarit\u0173 gamini\u0173 Sm\u0117liavimas + Da\u017eymas - resmila\",\"isPartOf\":{\"@id\":\"https:\\\/\\\/resmila.lt\\\/#website\"},\"primaryImageOfPage\":{\"@id\":\"https:\\\/\\\/resmila.lt\\\/produktas\\\/dideliu-gabaritu-gaminiu-smeliavimas-dazymas\\\/#primaryimage\"},\"image\":{\"@id\":\"https:\\\/\\\/resmila.lt\\\/produktas\\\/dideliu-gabaritu-gaminiu-smeliavimas-dazymas\\\/#primaryimage\"},\"thumbnailUrl\":\"https:\\\/\\\/resmila.lt\\\/wp-content\\\/uploads\\\/2025\\\/05\\\/image3.jpg\",\"datePublished\":\"2025-05-06T07:18:08+00:00\",\"dateModified\":\"2026-01-15T10:01:10+00:00\",\"breadcrumb\":{\"@id\":\"https:\\\/\\\/resmila.lt\\\/produktas\\\/dideliu-gabaritu-gaminiu-smeliavimas-dazymas\\\/#breadcrumb\"},\"inLanguage\":\"en-US\",\"potentialAction\":[{\"@type\":\"ReadAction\",\"target\":[\"https:\\\/\\\/resmila.lt\\\/produktas\\\/dideliu-gabaritu-gaminiu-smeliavimas-dazymas\\\/\"]}]},{\"@type\":\"ImageObject\",\"inLanguage\":\"en-US\",\"@id\":\"https:\\\/\\\/resmila.lt\\\/produktas\\\/dideliu-gabaritu-gaminiu-smeliavimas-dazymas\\\/#primaryimage\",\"url\":\"https:\\\/\\\/resmila.lt\\\/wp-content\\\/uploads\\\/2025\\\/05\\\/image3.jpg\",\"contentUrl\":\"https:\\\/\\\/resmila.lt\\\/wp-content\\\/uploads\\\/2025\\\/05\\\/image3.jpg\",\"width\":401,\"height\":295},{\"@type\":\"BreadcrumbList\",\"@id\":\"https:\\\/\\\/resmila.lt\\\/produktas\\\/dideliu-gabaritu-gaminiu-smeliavimas-dazymas\\\/#breadcrumb\",\"itemListElement\":[{\"@type\":\"ListItem\",\"position\":1,\"name\":\"Pagrindinis\",\"item\":\"https:\\\/\\\/resmila.lt\\\/\"},{\"@type\":\"ListItem\",\"position\":2,\"name\":\"Shop\",\"item\":\"https:\\\/\\\/resmila.lt\\\/parduotuve\\\/\"},{\"@type\":\"ListItem\",\"position\":3,\"name\":\"Dideli\u0173 gabarit\u0173 gamini\u0173 Sm\u0117liavimas + Da\u017eymas\"}]},{\"@type\":\"WebSite\",\"@id\":\"https:\\\/\\\/resmila.lt\\\/#website\",\"url\":\"https:\\\/\\\/resmila.lt\\\/\",\"name\":\"resmila\",\"description\":\"\",\"potentialAction\":[{\"@type\":\"SearchAction\",\"target\":{\"@type\":\"EntryPoint\",\"urlTemplate\":\"https:\\\/\\\/resmila.lt\\\/?s={search_term_string}\"},\"query-input\":{\"@type\":\"PropertyValueSpecification\",\"valueRequired\":true,\"valueName\":\"search_term_string\"}}],\"inLanguage\":\"en-US\"}]}<\/script>\n<!-- \/ Yoast SEO plugin. -->","yoast_head_json":{"title":"Dideli\u0173 gabarit\u0173 gamini\u0173 Sm\u0117liavimas + Da\u017eymas - resmila","robots":{"index":"index","follow":"follow","max-snippet":"max-snippet:-1","max-image-preview":"max-image-preview:large","max-video-preview":"max-video-preview:-1"},"canonical":"https:\/\/resmila.lt\/produktas\/dideliu-gabaritu-gaminiu-smeliavimas-dazymas\/","og_locale":"en_US","og_type":"article","og_title":"Dideli\u0173 gabarit\u0173 gamini\u0173 Sm\u0117liavimas + Da\u017eymas - resmila","og_description":"Profesionalus pavir\u0161iaus paruo\u0161imas ir da\u017eymas \u2013 esminis \u017eingsnis, siekiant u\u017etikrinti J\u016bs\u0173 \u012frangos ir konstrukcij\u0173 ilgaam\u017ei\u0161kum\u0105 bei nepriekai\u0161ting\u0105 i\u0161vaizd\u0105. Atnaujiname ir apsaugome nuo korozijos \u012fvairi\u0105 technik\u0105 ir metalo gaminius.  Paslauga ypa\u010d tinka:  \u25cf Pramoninei ir \u017eem\u0117s \u016bkio technikai \u25cf Metalo konstrukcijoms ir talpykloms \u25cf Sunkve\u017eimi\u0173 dalims ir ratlankiams","og_url":"https:\/\/resmila.lt\/produktas\/dideliu-gabaritu-gaminiu-smeliavimas-dazymas\/","og_site_name":"resmila","article_modified_time":"2026-01-15T10:01:10+00:00","og_image":[{"width":401,"height":295,"url":"https:\/\/resmila.lt\/wp-content\/uploads\/2025\/05\/image3.jpg","type":"image\/jpeg"}],"twitter_card":"summary_large_image","twitter_misc":{"Est. reading time":"2 minutes"},"schema":{"@context":"https:\/\/schema.org","@graph":[{"@type":"WebPage","@id":"https:\/\/resmila.lt\/produktas\/dideliu-gabaritu-gaminiu-smeliavimas-dazymas\/","url":"https:\/\/resmila.lt\/produktas\/dideliu-gabaritu-gaminiu-smeliavimas-dazymas\/","name":"Dideli\u0173 gabarit\u0173 gamini\u0173 Sm\u0117liavimas + Da\u017eymas - resmila","isPartOf":{"@id":"https:\/\/resmila.lt\/#website"},"primaryImageOfPage":{"@id":"https:\/\/resmila.lt\/produktas\/dideliu-gabaritu-gaminiu-smeliavimas-dazymas\/#primaryimage"},"image":{"@id":"https:\/\/resmila.lt\/produktas\/dideliu-gabaritu-gaminiu-smeliavimas-dazymas\/#primaryimage"},"thumbnailUrl":"https:\/\/resmila.lt\/wp-content\/uploads\/2025\/05\/image3.jpg","datePublished":"2025-05-06T07:18:08+00:00","dateModified":"2026-01-15T10:01:10+00:00","breadcrumb":{"@id":"https:\/\/resmila.lt\/produktas\/dideliu-gabaritu-gaminiu-smeliavimas-dazymas\/#breadcrumb"},"inLanguage":"en-US","potentialAction":[{"@type":"ReadAction","target":["https:\/\/resmila.lt\/produktas\/dideliu-gabaritu-gaminiu-smeliavimas-dazymas\/"]}]},{"@type":"ImageObject","inLanguage":"en-US","@id":"https:\/\/resmila.lt\/produktas\/dideliu-gabaritu-gaminiu-smeliavimas-dazymas\/#primaryimage","url":"https:\/\/resmila.lt\/wp-content\/uploads\/2025\/05\/image3.jpg","contentUrl":"https:\/\/resmila.lt\/wp-content\/uploads\/2025\/05\/image3.jpg","width":401,"height":295},{"@type":"BreadcrumbList","@id":"https:\/\/resmila.lt\/produktas\/dideliu-gabaritu-gaminiu-smeliavimas-dazymas\/#breadcrumb","itemListElement":[{"@type":"ListItem","position":1,"name":"Pagrindinis","item":"https:\/\/resmila.lt\/"},{"@type":"ListItem","position":2,"name":"Shop","item":"https:\/\/resmila.lt\/parduotuve\/"},{"@type":"ListItem","position":3,"name":"Dideli\u0173 gabarit\u0173 gamini\u0173 Sm\u0117liavimas + Da\u017eymas"}]},{"@type":"WebSite","@id":"https:\/\/resmila.lt\/#website","url":"https:\/\/resmila.lt\/","name":"resmila","description":"","potentialAction":[{"@type":"SearchAction","target":{"@type":"EntryPoint","urlTemplate":"https:\/\/resmila.lt\/?s={search_term_string}"},"query-input":{"@type":"PropertyValueSpecification","valueRequired":true,"valueName":"search_term_string"}}],"inLanguage":"en-US"}]}},"_links":{"self":[{"href":"https:\/\/resmila.lt\/en\/wp-json\/wp\/v2\/product\/308","targetHints":{"allow":["GET"]}}],"collection":[{"href":"https:\/\/resmila.lt\/en\/wp-json\/wp\/v2\/product"}],"about":[{"href":"https:\/\/resmila.lt\/en\/wp-json\/wp\/v2\/types\/product"}],"replies":[{"embeddable":true,"href":"https:\/\/resmila.lt\/en\/wp-json\/wp\/v2\/comments?post=308"}],"wp:featuredmedia":[{"embeddable":true,"href":"https:\/\/resmila.lt\/en\/wp-json\/wp\/v2\/media\/298"}],"wp:attachment":[{"href":"https:\/\/resmila.lt\/en\/wp-json\/wp\/v2\/media?parent=308"}],"wp:term":[{"taxonomy":"product_brand","embeddable":true,"href":"https:\/\/resmila.lt\/en\/wp-json\/wp\/v2\/product_brand?post=308"},{"taxonomy":"product_cat","embeddable":true,"href":"https:\/\/resmila.lt\/en\/wp-json\/wp\/v2\/product_cat?post=308"},{"taxonomy":"product_tag","embeddable":true,"href":"https:\/\/resmila.lt\/en\/wp-json\/wp\/v2\/product_tag?post=308"}],"curies":[{"name":"wp","href":"https:\/\/api.w.org\/{rel}","templated":true}]}}