{"id":307,"date":"2025-05-06T07:17:21","date_gmt":"2025-05-06T07:17:21","guid":{"rendered":"https:\/\/resmila.lt\/?post_type=product&#038;p=307"},"modified":"2026-01-15T09:56:59","modified_gmt":"2026-01-15T09:56:59","slug":"transporto-priemoniu-daliu-dazymas","status":"publish","type":"product","link":"https:\/\/resmila.lt\/en\/product\/transporto-priemoniu-daliu-dazymas\/","title":{"rendered":"Transporto priemoni\u0173 dali\u0173 da\u017eymas"},"content":{"rendered":"<p>Nuo va\u017eiuokl\u0117s komponent\u0173 iki variklio skyriaus detali\u0173 \u2013 kiekviena transporto priemon\u0117s dalis nusipelno kokybi\u0161kos ir patikimos dangos. Profesionalus da\u017eymas reikalingas ne tik po remonto darb\u0173, bet ir norint atnaujinti ir apsaugoti detales nuo korozijos ar restauruoti klasikin\u0119 technik\u0105.<\/p>\n<p>Kiekvienas darbas prasideda nuo esminio etapo \u2013 pavir\u0161iaus paruo\u0161imo, kurio metod\u0105 parenkame pagal detal\u0117s b\u016bkl\u0119 ir med\u017eiag\u0105. Sud\u0117tingiems atvejams, kai reikia pa\u0161alinti gili\u0105 korozij\u0105 ar kelis sen\u0173 da\u017e\u0173 sluoksnius, taikome sm\u0117liavim\u0105. Kitais atvejais pavir\u0161ius yra kruop\u0161\u010diai \u0161lifuojamas ir valomas. Po paruo\u0161imo detal\u0117, dengiama milteliniais da\u017eais ir gruntu, naudojant tik kokybi\u0161kas, laiko patikrintas med\u017eiagas.<\/p>\n<p>M\u016bs\u0173 tikslas \u2013 nepriekai\u0161tinga ir ilgaam\u017e\u0117 danga. Daugiasluoksn\u0117 strukt\u016bra ir profesionalus padengimas u\u017etikrina ne tik puiki\u0105 estetin\u0119 i\u0161vaizd\u0105, bet ir patikim\u0105 detal\u0117s apsaug\u0105 nuo dr\u0117gm\u0117s, UV spinduli\u0173 ir mechaninio poveikio. Tai sprendimas, didinantis transporto priemon\u0117s vert\u0119 ir u\u017etikrinantis jos ilgaam\u017ei\u0161kum\u0105.<\/p>\n","protected":false},"excerpt":{"rendered":"<p>Transporto priemoni\u0173 dali\u0173 da\u017eymas \u2013 tai profesionali paslauga, skirta atnaujinti nusid\u0117v\u0117jusius, korozijos pa\u017eeistus ar tiesiog kei\u010dian\u010dius spalv\u0105 automobilio komponentus. Atliekame visus b\u016btinus paruo\u0161imo darbus ir padengiame detal\u0119 ilgaam\u017ee, gamyklinius standartus atitinkan\u010dia danga.<\/p>\n","protected":false},"featured_media":300,"comment_status":"open","ping_status":"closed","template":"","meta":{"_acf_changed":false},"product_brand":[],"product_cat":[24],"product_tag":[],"class_list":{"0":"post-307","1":"product","2":"type-product","3":"status-publish","4":"has-post-thumbnail","6":"product_cat-uncategorized-lt","8":"first","9":"instock","10":"shipping-taxable","11":"product-type-simple"},"acf":[],"yoast_head":"<!-- This site is optimized with the Yoast SEO plugin v27.4 - https:\/\/yoast.com\/product\/yoast-seo-wordpress\/ -->\n<title>Transporto priemoni\u0173 dali\u0173 da\u017eymas - resmila<\/title>\n<meta name=\"robots\" content=\"index, follow, max-snippet:-1, max-image-preview:large, max-video-preview:-1\" \/>\n<link rel=\"canonical\" href=\"https:\/\/resmila.lt\/produktas\/transporto-priemoniu-daliu-dazymas\/\" \/>\n<meta property=\"og:locale\" content=\"en_US\" \/>\n<meta property=\"og:type\" content=\"article\" \/>\n<meta property=\"og:title\" content=\"Transporto priemoni\u0173 dali\u0173 da\u017eymas - resmila\" \/>\n<meta property=\"og:description\" content=\"Transporto priemoni\u0173 dali\u0173 da\u017eymas \u2013 tai profesionali paslauga, skirta atnaujinti nusid\u0117v\u0117jusius, korozijos pa\u017eeistus ar tiesiog kei\u010dian\u010dius spalv\u0105 automobilio komponentus. Atliekame visus b\u016btinus paruo\u0161imo darbus ir padengiame detal\u0119 ilgaam\u017ee, gamyklinius standartus atitinkan\u010dia danga.\" \/>\n<meta property=\"og:url\" content=\"https:\/\/resmila.lt\/produktas\/transporto-priemoniu-daliu-dazymas\/\" \/>\n<meta property=\"og:site_name\" content=\"resmila\" \/>\n<meta property=\"article:modified_time\" content=\"2026-01-15T09:56:59+00:00\" \/>\n<meta property=\"og:image\" content=\"https:\/\/resmila.lt\/wp-content\/uploads\/2025\/05\/image2.jpg\" \/>\n\t<meta property=\"og:image:width\" content=\"400\" \/>\n\t<meta property=\"og:image:height\" content=\"295\" \/>\n\t<meta property=\"og:image:type\" content=\"image\/jpeg\" \/>\n<meta name=\"twitter:card\" content=\"summary_large_image\" \/>\n<meta name=\"twitter:label1\" content=\"Est. reading time\" \/>\n\t<meta name=\"twitter:data1\" content=\"1 minute\" \/>\n<script type=\"application\/ld+json\" class=\"yoast-schema-graph\">{\"@context\":\"https:\\\/\\\/schema.org\",\"@graph\":[{\"@type\":\"WebPage\",\"@id\":\"https:\\\/\\\/resmila.lt\\\/produktas\\\/transporto-priemoniu-daliu-dazymas\\\/\",\"url\":\"https:\\\/\\\/resmila.lt\\\/produktas\\\/transporto-priemoniu-daliu-dazymas\\\/\",\"name\":\"Transporto priemoni\u0173 dali\u0173 da\u017eymas - resmila\",\"isPartOf\":{\"@id\":\"https:\\\/\\\/resmila.lt\\\/#website\"},\"primaryImageOfPage\":{\"@id\":\"https:\\\/\\\/resmila.lt\\\/produktas\\\/transporto-priemoniu-daliu-dazymas\\\/#primaryimage\"},\"image\":{\"@id\":\"https:\\\/\\\/resmila.lt\\\/produktas\\\/transporto-priemoniu-daliu-dazymas\\\/#primaryimage\"},\"thumbnailUrl\":\"https:\\\/\\\/resmila.lt\\\/wp-content\\\/uploads\\\/2025\\\/05\\\/image2.jpg\",\"datePublished\":\"2025-05-06T07:17:21+00:00\",\"dateModified\":\"2026-01-15T09:56:59+00:00\",\"breadcrumb\":{\"@id\":\"https:\\\/\\\/resmila.lt\\\/produktas\\\/transporto-priemoniu-daliu-dazymas\\\/#breadcrumb\"},\"inLanguage\":\"en-US\",\"potentialAction\":[{\"@type\":\"ReadAction\",\"target\":[\"https:\\\/\\\/resmila.lt\\\/produktas\\\/transporto-priemoniu-daliu-dazymas\\\/\"]}]},{\"@type\":\"ImageObject\",\"inLanguage\":\"en-US\",\"@id\":\"https:\\\/\\\/resmila.lt\\\/produktas\\\/transporto-priemoniu-daliu-dazymas\\\/#primaryimage\",\"url\":\"https:\\\/\\\/resmila.lt\\\/wp-content\\\/uploads\\\/2025\\\/05\\\/image2.jpg\",\"contentUrl\":\"https:\\\/\\\/resmila.lt\\\/wp-content\\\/uploads\\\/2025\\\/05\\\/image2.jpg\",\"width\":400,\"height\":295},{\"@type\":\"BreadcrumbList\",\"@id\":\"https:\\\/\\\/resmila.lt\\\/produktas\\\/transporto-priemoniu-daliu-dazymas\\\/#breadcrumb\",\"itemListElement\":[{\"@type\":\"ListItem\",\"position\":1,\"name\":\"Pagrindinis\",\"item\":\"https:\\\/\\\/resmila.lt\\\/\"},{\"@type\":\"ListItem\",\"position\":2,\"name\":\"Shop\",\"item\":\"https:\\\/\\\/resmila.lt\\\/parduotuve\\\/\"},{\"@type\":\"ListItem\",\"position\":3,\"name\":\"Transporto priemoni\u0173 dali\u0173 da\u017eymas\"}]},{\"@type\":\"WebSite\",\"@id\":\"https:\\\/\\\/resmila.lt\\\/#website\",\"url\":\"https:\\\/\\\/resmila.lt\\\/\",\"name\":\"resmila\",\"description\":\"\",\"potentialAction\":[{\"@type\":\"SearchAction\",\"target\":{\"@type\":\"EntryPoint\",\"urlTemplate\":\"https:\\\/\\\/resmila.lt\\\/?s={search_term_string}\"},\"query-input\":{\"@type\":\"PropertyValueSpecification\",\"valueRequired\":true,\"valueName\":\"search_term_string\"}}],\"inLanguage\":\"en-US\"}]}<\/script>\n<!-- \/ Yoast SEO plugin. -->","yoast_head_json":{"title":"Transporto priemoni\u0173 dali\u0173 da\u017eymas - resmila","robots":{"index":"index","follow":"follow","max-snippet":"max-snippet:-1","max-image-preview":"max-image-preview:large","max-video-preview":"max-video-preview:-1"},"canonical":"https:\/\/resmila.lt\/produktas\/transporto-priemoniu-daliu-dazymas\/","og_locale":"en_US","og_type":"article","og_title":"Transporto priemoni\u0173 dali\u0173 da\u017eymas - resmila","og_description":"Transporto priemoni\u0173 dali\u0173 da\u017eymas \u2013 tai profesionali paslauga, skirta atnaujinti nusid\u0117v\u0117jusius, korozijos pa\u017eeistus ar tiesiog kei\u010dian\u010dius spalv\u0105 automobilio komponentus. Atliekame visus b\u016btinus paruo\u0161imo darbus ir padengiame detal\u0119 ilgaam\u017ee, gamyklinius standartus atitinkan\u010dia danga.","og_url":"https:\/\/resmila.lt\/produktas\/transporto-priemoniu-daliu-dazymas\/","og_site_name":"resmila","article_modified_time":"2026-01-15T09:56:59+00:00","og_image":[{"width":400,"height":295,"url":"https:\/\/resmila.lt\/wp-content\/uploads\/2025\/05\/image2.jpg","type":"image\/jpeg"}],"twitter_card":"summary_large_image","twitter_misc":{"Est. reading time":"1 minute"},"schema":{"@context":"https:\/\/schema.org","@graph":[{"@type":"WebPage","@id":"https:\/\/resmila.lt\/produktas\/transporto-priemoniu-daliu-dazymas\/","url":"https:\/\/resmila.lt\/produktas\/transporto-priemoniu-daliu-dazymas\/","name":"Transporto priemoni\u0173 dali\u0173 da\u017eymas - resmila","isPartOf":{"@id":"https:\/\/resmila.lt\/#website"},"primaryImageOfPage":{"@id":"https:\/\/resmila.lt\/produktas\/transporto-priemoniu-daliu-dazymas\/#primaryimage"},"image":{"@id":"https:\/\/resmila.lt\/produktas\/transporto-priemoniu-daliu-dazymas\/#primaryimage"},"thumbnailUrl":"https:\/\/resmila.lt\/wp-content\/uploads\/2025\/05\/image2.jpg","datePublished":"2025-05-06T07:17:21+00:00","dateModified":"2026-01-15T09:56:59+00:00","breadcrumb":{"@id":"https:\/\/resmila.lt\/produktas\/transporto-priemoniu-daliu-dazymas\/#breadcrumb"},"inLanguage":"en-US","potentialAction":[{"@type":"ReadAction","target":["https:\/\/resmila.lt\/produktas\/transporto-priemoniu-daliu-dazymas\/"]}]},{"@type":"ImageObject","inLanguage":"en-US","@id":"https:\/\/resmila.lt\/produktas\/transporto-priemoniu-daliu-dazymas\/#primaryimage","url":"https:\/\/resmila.lt\/wp-content\/uploads\/2025\/05\/image2.jpg","contentUrl":"https:\/\/resmila.lt\/wp-content\/uploads\/2025\/05\/image2.jpg","width":400,"height":295},{"@type":"BreadcrumbList","@id":"https:\/\/resmila.lt\/produktas\/transporto-priemoniu-daliu-dazymas\/#breadcrumb","itemListElement":[{"@type":"ListItem","position":1,"name":"Pagrindinis","item":"https:\/\/resmila.lt\/"},{"@type":"ListItem","position":2,"name":"Shop","item":"https:\/\/resmila.lt\/parduotuve\/"},{"@type":"ListItem","position":3,"name":"Transporto priemoni\u0173 dali\u0173 da\u017eymas"}]},{"@type":"WebSite","@id":"https:\/\/resmila.lt\/#website","url":"https:\/\/resmila.lt\/","name":"resmila","description":"","potentialAction":[{"@type":"SearchAction","target":{"@type":"EntryPoint","urlTemplate":"https:\/\/resmila.lt\/?s={search_term_string}"},"query-input":{"@type":"PropertyValueSpecification","valueRequired":true,"valueName":"search_term_string"}}],"inLanguage":"en-US"}]}},"_links":{"self":[{"href":"https:\/\/resmila.lt\/en\/wp-json\/wp\/v2\/product\/307","targetHints":{"allow":["GET"]}}],"collection":[{"href":"https:\/\/resmila.lt\/en\/wp-json\/wp\/v2\/product"}],"about":[{"href":"https:\/\/resmila.lt\/en\/wp-json\/wp\/v2\/types\/product"}],"replies":[{"embeddable":true,"href":"https:\/\/resmila.lt\/en\/wp-json\/wp\/v2\/comments?post=307"}],"wp:featuredmedia":[{"embeddable":true,"href":"https:\/\/resmila.lt\/en\/wp-json\/wp\/v2\/media\/300"}],"wp:attachment":[{"href":"https:\/\/resmila.lt\/en\/wp-json\/wp\/v2\/media?parent=307"}],"wp:term":[{"taxonomy":"product_brand","embeddable":true,"href":"https:\/\/resmila.lt\/en\/wp-json\/wp\/v2\/product_brand?post=307"},{"taxonomy":"product_cat","embeddable":true,"href":"https:\/\/resmila.lt\/en\/wp-json\/wp\/v2\/product_cat?post=307"},{"taxonomy":"product_tag","embeddable":true,"href":"https:\/\/resmila.lt\/en\/wp-json\/wp\/v2\/product_tag?post=307"}],"curies":[{"name":"wp","href":"https:\/\/api.w.org\/{rel}","templated":true}]}}