{"id":306,"date":"2025-05-06T07:16:50","date_gmt":"2025-05-06T07:16:50","guid":{"rendered":"https:\/\/resmila.lt\/?post_type=product&#038;p=306"},"modified":"2026-03-20T10:57:44","modified_gmt":"2026-03-20T10:57:44","slug":"ratlankiu-dazymas","status":"publish","type":"product","link":"https:\/\/resmila.lt\/en\/product\/ratlankiu-dazymas\/","title":{"rendered":"Ratlanki\u0173 da\u017eymas"},"content":{"rendered":"<p>Procesas prasideda nuo kruop\u0161taus pavir\u0161iaus paruo\u0161imo. Priklausomai nuo b\u016bkl\u0117s, atliekame sm\u0117liavim\u0105, kad pa\u0161alintume senus da\u017eus ir korozijos \u017eidinius. Ant idealiai \u0161varaus pagrindo dengiame grunt\u0105, J\u016bs\u0173 pasirinktos spalvos miltelinius da\u017eus ir galiausiai \u2013lak\u0105 (pasirinktinai), kuris gali b\u016bti blizgus ar matinis.<\/p>\n<p>Profesionalus paruo\u0161imas ir kokybi\u0161k\u0173 med\u017eiag\u0173 naudojimas u\u017etikrina, kad naujoji danga bus itin atspari \u012fbr\u0117\u017eimams, chemikalams ir at\u0161iaurioms oro s\u0105lygoms. J\u016bs\u0173 ratlankiai ne tik atrodys nepriekai\u0161tingai, bet ir bus patikimai apsaugoti nuo tolimesnio d\u0117v\u0117jimosi. Tai protinga investicija \u012f J\u016bs\u0173 automobilio estetik\u0105 ir vert\u0117s i\u0161saugojim\u0105.<\/p>\n","protected":false},"excerpt":{"rendered":"<p>Ratlanki\u0173 da\u017eymas \u2013 tai paslauga, skirta atnaujinti ar pakeisti ratlankio spalv\u0105, apsaugoti nuo korozijos ir suteikti individualumo. Atliekame piln\u0105 cikl\u0105: nuo pavir\u0161iaus paruo\u0161imo sm\u0117liuojant, pa\u0161alinant pavir\u0161inius nelygumus iki da\u017eymo ir lakavimo. Tai efektyvus b\u016bdas atnaujinti ratlankius, pa\u017eeistus aplinkos veiksni\u0173 ar tiesiog atsibodusius.<\/p>\n<p>Ratlankiai yra vienas svarbiausi\u0173 automobilio i\u0161vaizdos element\u0173, ta\u010diau jie nuolat ken\u010dia nuo aplinkos poveikio \u2013 atsiranda \u012fbr\u0117\u017eim\u0173, korozijos \u017eidini\u0173, juos pa\u017eeid\u017eia kelio druskos ir stabd\u017ei\u0173 dulk\u0117s. M\u016bs\u0173 ratlanki\u0173 da\u017eymo paslauga yra efektyvus sprendimas, leid\u017eiantis ne tik atkurti gamyklin\u0119 j\u0173 i\u0161vaizd\u0105, bet ir suteikti automobiliui visi\u0161kai nauj\u0105, individual\u0173 stili\u0173, i\u0161vengiant nauj\u0173 ratlanki\u0173 pirkimo.<\/p>\n<p><strong>Atkreipiame d\u0117mes\u012f,kad ekrane matoma spalva gali ne\u017eymiai skirtis nuo realios spalvos.<\/strong><\/p>\n","protected":false},"featured_media":401,"comment_status":"open","ping_status":"closed","template":"","meta":{"_acf_changed":false},"product_brand":[],"product_cat":[54,53,62,52,56],"product_tag":[],"class_list":{"0":"post-306","1":"product","2":"type-product","3":"status-publish","4":"has-post-thumbnail","6":"product_cat-facf00","7":"product_cat-0d76b3","8":"product_cat-oranzine","9":"product_cat-ratlankiu-dazymas","10":"product_cat-e60012","12":"first","13":"instock","14":"shipping-taxable","15":"purchasable","16":"product-type-variable"},"acf":[],"yoast_head":"<!-- This site is optimized with the Yoast SEO plugin v27.4 - https:\/\/yoast.com\/product\/yoast-seo-wordpress\/ -->\n<title>Ratlanki\u0173 da\u017eymas - resmila<\/title>\n<meta name=\"robots\" content=\"index, follow, max-snippet:-1, max-image-preview:large, max-video-preview:-1\" \/>\n<link rel=\"canonical\" href=\"https:\/\/resmila.lt\/produktas\/ratlankiu-dazymas\/\" \/>\n<meta property=\"og:locale\" content=\"en_US\" \/>\n<meta property=\"og:type\" content=\"article\" \/>\n<meta property=\"og:title\" content=\"Ratlanki\u0173 da\u017eymas - resmila\" \/>\n<meta property=\"og:description\" content=\"Ratlanki\u0173 da\u017eymas \u2013 tai paslauga, skirta atnaujinti ar pakeisti ratlankio spalv\u0105, apsaugoti nuo korozijos ir suteikti individualumo. Atliekame piln\u0105 cikl\u0105: nuo pavir\u0161iaus paruo\u0161imo sm\u0117liuojant, pa\u0161alinant pavir\u0161inius nelygumus iki da\u017eymo ir lakavimo. Tai efektyvus b\u016bdas atnaujinti ratlankius, pa\u017eeistus aplinkos veiksni\u0173 ar tiesiog atsibodusius.  Ratlankiai yra vienas svarbiausi\u0173 automobilio i\u0161vaizdos element\u0173, ta\u010diau jie nuolat ken\u010dia nuo aplinkos poveikio \u2013 atsiranda \u012fbr\u0117\u017eim\u0173, korozijos \u017eidini\u0173, juos pa\u017eeid\u017eia kelio druskos ir stabd\u017ei\u0173 dulk\u0117s. M\u016bs\u0173 ratlanki\u0173 da\u017eymo paslauga yra efektyvus sprendimas, leid\u017eiantis ne tik atkurti gamyklin\u0119 j\u0173 i\u0161vaizd\u0105, bet ir suteikti automobiliui visi\u0161kai nauj\u0105, individual\u0173 stili\u0173, i\u0161vengiant nauj\u0173 ratlanki\u0173 pirkimo.  Atkreipiame d\u0117mes\u012f,kad ekrane matoma spalva gali ne\u017eymiai skirtis nuo realios spalvos.\" \/>\n<meta property=\"og:url\" content=\"https:\/\/resmila.lt\/produktas\/ratlankiu-dazymas\/\" \/>\n<meta property=\"og:site_name\" content=\"resmila\" \/>\n<meta property=\"article:modified_time\" content=\"2026-03-20T10:57:44+00:00\" \/>\n<meta property=\"og:image\" content=\"https:\/\/resmila.lt\/wp-content\/uploads\/2025\/05\/Sidabrinis-rato-disko-dizainas.png\" \/>\n\t<meta property=\"og:image:width\" content=\"1024\" \/>\n\t<meta property=\"og:image:height\" content=\"1024\" \/>\n\t<meta property=\"og:image:type\" content=\"image\/png\" \/>\n<meta name=\"twitter:card\" content=\"summary_large_image\" \/>\n<meta name=\"twitter:label1\" content=\"Est. reading time\" \/>\n\t<meta name=\"twitter:data1\" content=\"1 minute\" \/>\n<script type=\"application\/ld+json\" class=\"yoast-schema-graph\">{\"@context\":\"https:\\\/\\\/schema.org\",\"@graph\":[{\"@type\":\"WebPage\",\"@id\":\"https:\\\/\\\/resmila.lt\\\/produktas\\\/ratlankiu-dazymas\\\/\",\"url\":\"https:\\\/\\\/resmila.lt\\\/produktas\\\/ratlankiu-dazymas\\\/\",\"name\":\"Ratlanki\u0173 da\u017eymas - resmila\",\"isPartOf\":{\"@id\":\"https:\\\/\\\/resmila.lt\\\/#website\"},\"primaryImageOfPage\":{\"@id\":\"https:\\\/\\\/resmila.lt\\\/produktas\\\/ratlankiu-dazymas\\\/#primaryimage\"},\"image\":{\"@id\":\"https:\\\/\\\/resmila.lt\\\/produktas\\\/ratlankiu-dazymas\\\/#primaryimage\"},\"thumbnailUrl\":\"https:\\\/\\\/resmila.lt\\\/wp-content\\\/uploads\\\/2025\\\/05\\\/Sidabrinis-rato-disko-dizainas.png\",\"datePublished\":\"2025-05-06T07:16:50+00:00\",\"dateModified\":\"2026-03-20T10:57:44+00:00\",\"breadcrumb\":{\"@id\":\"https:\\\/\\\/resmila.lt\\\/produktas\\\/ratlankiu-dazymas\\\/#breadcrumb\"},\"inLanguage\":\"en-US\",\"potentialAction\":[{\"@type\":\"ReadAction\",\"target\":[\"https:\\\/\\\/resmila.lt\\\/produktas\\\/ratlankiu-dazymas\\\/\"]}]},{\"@type\":\"ImageObject\",\"inLanguage\":\"en-US\",\"@id\":\"https:\\\/\\\/resmila.lt\\\/produktas\\\/ratlankiu-dazymas\\\/#primaryimage\",\"url\":\"https:\\\/\\\/resmila.lt\\\/wp-content\\\/uploads\\\/2025\\\/05\\\/Sidabrinis-rato-disko-dizainas.png\",\"contentUrl\":\"https:\\\/\\\/resmila.lt\\\/wp-content\\\/uploads\\\/2025\\\/05\\\/Sidabrinis-rato-disko-dizainas.png\",\"width\":1024,\"height\":1024},{\"@type\":\"BreadcrumbList\",\"@id\":\"https:\\\/\\\/resmila.lt\\\/produktas\\\/ratlankiu-dazymas\\\/#breadcrumb\",\"itemListElement\":[{\"@type\":\"ListItem\",\"position\":1,\"name\":\"Pagrindinis\",\"item\":\"https:\\\/\\\/resmila.lt\\\/\"},{\"@type\":\"ListItem\",\"position\":2,\"name\":\"Shop\",\"item\":\"https:\\\/\\\/resmila.lt\\\/parduotuve\\\/\"},{\"@type\":\"ListItem\",\"position\":3,\"name\":\"Ratlanki\u0173 da\u017eymas\"}]},{\"@type\":\"WebSite\",\"@id\":\"https:\\\/\\\/resmila.lt\\\/#website\",\"url\":\"https:\\\/\\\/resmila.lt\\\/\",\"name\":\"resmila\",\"description\":\"\",\"potentialAction\":[{\"@type\":\"SearchAction\",\"target\":{\"@type\":\"EntryPoint\",\"urlTemplate\":\"https:\\\/\\\/resmila.lt\\\/?s={search_term_string}\"},\"query-input\":{\"@type\":\"PropertyValueSpecification\",\"valueRequired\":true,\"valueName\":\"search_term_string\"}}],\"inLanguage\":\"en-US\"}]}<\/script>\n<!-- \/ Yoast SEO plugin. -->","yoast_head_json":{"title":"Ratlanki\u0173 da\u017eymas - resmila","robots":{"index":"index","follow":"follow","max-snippet":"max-snippet:-1","max-image-preview":"max-image-preview:large","max-video-preview":"max-video-preview:-1"},"canonical":"https:\/\/resmila.lt\/produktas\/ratlankiu-dazymas\/","og_locale":"en_US","og_type":"article","og_title":"Ratlanki\u0173 da\u017eymas - resmila","og_description":"Ratlanki\u0173 da\u017eymas \u2013 tai paslauga, skirta atnaujinti ar pakeisti ratlankio spalv\u0105, apsaugoti nuo korozijos ir suteikti individualumo. Atliekame piln\u0105 cikl\u0105: nuo pavir\u0161iaus paruo\u0161imo sm\u0117liuojant, pa\u0161alinant pavir\u0161inius nelygumus iki da\u017eymo ir lakavimo. Tai efektyvus b\u016bdas atnaujinti ratlankius, pa\u017eeistus aplinkos veiksni\u0173 ar tiesiog atsibodusius.  Ratlankiai yra vienas svarbiausi\u0173 automobilio i\u0161vaizdos element\u0173, ta\u010diau jie nuolat ken\u010dia nuo aplinkos poveikio \u2013 atsiranda \u012fbr\u0117\u017eim\u0173, korozijos \u017eidini\u0173, juos pa\u017eeid\u017eia kelio druskos ir stabd\u017ei\u0173 dulk\u0117s. M\u016bs\u0173 ratlanki\u0173 da\u017eymo paslauga yra efektyvus sprendimas, leid\u017eiantis ne tik atkurti gamyklin\u0119 j\u0173 i\u0161vaizd\u0105, bet ir suteikti automobiliui visi\u0161kai nauj\u0105, individual\u0173 stili\u0173, i\u0161vengiant nauj\u0173 ratlanki\u0173 pirkimo.  Atkreipiame d\u0117mes\u012f,kad ekrane matoma spalva gali ne\u017eymiai skirtis nuo realios spalvos.","og_url":"https:\/\/resmila.lt\/produktas\/ratlankiu-dazymas\/","og_site_name":"resmila","article_modified_time":"2026-03-20T10:57:44+00:00","og_image":[{"width":1024,"height":1024,"url":"https:\/\/resmila.lt\/wp-content\/uploads\/2025\/05\/Sidabrinis-rato-disko-dizainas.png","type":"image\/png"}],"twitter_card":"summary_large_image","twitter_misc":{"Est. reading time":"1 minute"},"schema":{"@context":"https:\/\/schema.org","@graph":[{"@type":"WebPage","@id":"https:\/\/resmila.lt\/produktas\/ratlankiu-dazymas\/","url":"https:\/\/resmila.lt\/produktas\/ratlankiu-dazymas\/","name":"Ratlanki\u0173 da\u017eymas - resmila","isPartOf":{"@id":"https:\/\/resmila.lt\/#website"},"primaryImageOfPage":{"@id":"https:\/\/resmila.lt\/produktas\/ratlankiu-dazymas\/#primaryimage"},"image":{"@id":"https:\/\/resmila.lt\/produktas\/ratlankiu-dazymas\/#primaryimage"},"thumbnailUrl":"https:\/\/resmila.lt\/wp-content\/uploads\/2025\/05\/Sidabrinis-rato-disko-dizainas.png","datePublished":"2025-05-06T07:16:50+00:00","dateModified":"2026-03-20T10:57:44+00:00","breadcrumb":{"@id":"https:\/\/resmila.lt\/produktas\/ratlankiu-dazymas\/#breadcrumb"},"inLanguage":"en-US","potentialAction":[{"@type":"ReadAction","target":["https:\/\/resmila.lt\/produktas\/ratlankiu-dazymas\/"]}]},{"@type":"ImageObject","inLanguage":"en-US","@id":"https:\/\/resmila.lt\/produktas\/ratlankiu-dazymas\/#primaryimage","url":"https:\/\/resmila.lt\/wp-content\/uploads\/2025\/05\/Sidabrinis-rato-disko-dizainas.png","contentUrl":"https:\/\/resmila.lt\/wp-content\/uploads\/2025\/05\/Sidabrinis-rato-disko-dizainas.png","width":1024,"height":1024},{"@type":"BreadcrumbList","@id":"https:\/\/resmila.lt\/produktas\/ratlankiu-dazymas\/#breadcrumb","itemListElement":[{"@type":"ListItem","position":1,"name":"Pagrindinis","item":"https:\/\/resmila.lt\/"},{"@type":"ListItem","position":2,"name":"Shop","item":"https:\/\/resmila.lt\/parduotuve\/"},{"@type":"ListItem","position":3,"name":"Ratlanki\u0173 da\u017eymas"}]},{"@type":"WebSite","@id":"https:\/\/resmila.lt\/#website","url":"https:\/\/resmila.lt\/","name":"resmila","description":"","potentialAction":[{"@type":"SearchAction","target":{"@type":"EntryPoint","urlTemplate":"https:\/\/resmila.lt\/?s={search_term_string}"},"query-input":{"@type":"PropertyValueSpecification","valueRequired":true,"valueName":"search_term_string"}}],"inLanguage":"en-US"}]}},"_links":{"self":[{"href":"https:\/\/resmila.lt\/en\/wp-json\/wp\/v2\/product\/306","targetHints":{"allow":["GET"]}}],"collection":[{"href":"https:\/\/resmila.lt\/en\/wp-json\/wp\/v2\/product"}],"about":[{"href":"https:\/\/resmila.lt\/en\/wp-json\/wp\/v2\/types\/product"}],"replies":[{"embeddable":true,"href":"https:\/\/resmila.lt\/en\/wp-json\/wp\/v2\/comments?post=306"}],"wp:featuredmedia":[{"embeddable":true,"href":"https:\/\/resmila.lt\/en\/wp-json\/wp\/v2\/media\/401"}],"wp:attachment":[{"href":"https:\/\/resmila.lt\/en\/wp-json\/wp\/v2\/media?parent=306"}],"wp:term":[{"taxonomy":"product_brand","embeddable":true,"href":"https:\/\/resmila.lt\/en\/wp-json\/wp\/v2\/product_brand?post=306"},{"taxonomy":"product_cat","embeddable":true,"href":"https:\/\/resmila.lt\/en\/wp-json\/wp\/v2\/product_cat?post=306"},{"taxonomy":"product_tag","embeddable":true,"href":"https:\/\/resmila.lt\/en\/wp-json\/wp\/v2\/product_tag?post=306"}],"curies":[{"name":"wp","href":"https:\/\/api.w.org\/{rel}","templated":true}]}}