{"id":293,"date":"2025-05-06T07:16:01","date_gmt":"2025-05-06T07:16:01","guid":{"rendered":"https:\/\/resmila.lt\/?post_type=product&#038;p=293"},"modified":"2026-04-08T12:43:40","modified_gmt":"2026-04-08T12:43:40","slug":"smeliavimas","status":"publish","type":"product","link":"https:\/\/resmila.lt\/en\/product\/smeliavimas\/","title":{"rendered":"Sm\u0117liavimas"},"content":{"rendered":"<p>Vienas did\u017eiausi\u0173 metalo tr\u016bkum\u0173 yra korozija, laikui b\u0117gant gaminiai praranda savo i\u0161vaizd\u0105 d\u0117l sen\u0173 da\u017e\u0173, apna\u0161\u0173 ar aplinkos poveikio. Sm\u0117liavimas yra laiko patikrintas ir efektyviausias b\u016bdas i\u0161spr\u0119sti \u0161ias problemas \u2013 visi\u0161kai nuvalyti pavir\u0161i\u0173 ir paruo\u0161ti j\u012f atei\u010diai.<\/p>\n<p>Proceso metu galinga susl\u0117gto oro srov\u0117 pro special\u0173 antgal\u012f dideliu grei\u010diu tiekia abrazyvo daleles. Jos ne tik nuvalo pavir\u0161i\u0173 iki pat pagrindo, bet ir j\u012f tolygiai pa\u0161iurk\u0161tina. B\u016btent \u0161is paruo\u0161imas yra raktas \u012f dangos ilgaam\u017ei\u0161kum\u0105, nes sukuria ideal\u0173 pagrind\u0105 da\u017e\u0173 sukibimui.<\/p>\n","protected":false},"excerpt":{"rendered":"<p>Sm\u0117liavimas \u2013 tai laiko patikrintas ir itin efektyvus metalo pavir\u0161i\u0173 apdirbimo b\u016bdas. \u0160is procesas taikomas, kai reikia profesionaliai nuvalyti senus da\u017eus bei korozij\u0105, suteikti pavir\u0161iui mati\u0161kumo ar j\u012f pa\u0161iau\u0161ti prie\u0161 da\u017eym\u0105.<\/p>\n","protected":false},"featured_media":782,"comment_status":"open","ping_status":"closed","template":"","meta":{"_acf_changed":false},"product_brand":[],"product_cat":[29],"product_tag":[],"class_list":{"0":"post-293","1":"product","2":"type-product","3":"status-publish","4":"has-post-thumbnail","6":"product_cat-smeliavimas","8":"first","9":"instock","10":"shipping-taxable","11":"product-type-simple"},"acf":[],"yoast_head":"<!-- This site is optimized with the Yoast SEO plugin v27.4 - https:\/\/yoast.com\/product\/yoast-seo-wordpress\/ -->\n<title>Sm\u0117liavimas - resmila<\/title>\n<meta name=\"robots\" content=\"index, follow, max-snippet:-1, max-image-preview:large, max-video-preview:-1\" \/>\n<link rel=\"canonical\" href=\"https:\/\/resmila.lt\/produktas\/smeliavimas\/\" \/>\n<meta property=\"og:locale\" content=\"en_US\" \/>\n<meta property=\"og:type\" content=\"article\" \/>\n<meta property=\"og:title\" content=\"Sm\u0117liavimas - resmila\" \/>\n<meta property=\"og:description\" content=\"Sm\u0117liavimas \u2013 tai laiko patikrintas ir itin efektyvus metalo pavir\u0161i\u0173 apdirbimo b\u016bdas. \u0160is procesas taikomas, kai reikia profesionaliai nuvalyti senus da\u017eus bei korozij\u0105, suteikti pavir\u0161iui mati\u0161kumo ar j\u012f pa\u0161iau\u0161ti prie\u0161 da\u017eym\u0105.\" \/>\n<meta property=\"og:url\" content=\"https:\/\/resmila.lt\/produktas\/smeliavimas\/\" \/>\n<meta property=\"og:site_name\" content=\"resmila\" \/>\n<meta property=\"article:modified_time\" content=\"2026-04-08T12:43:40+00:00\" \/>\n<meta property=\"og:image\" content=\"https:\/\/resmila.lt\/wp-content\/uploads\/2025\/05\/smeliavimas2.jpg\" \/>\n\t<meta property=\"og:image:width\" content=\"1024\" \/>\n\t<meta property=\"og:image:height\" content=\"768\" \/>\n\t<meta property=\"og:image:type\" content=\"image\/jpeg\" \/>\n<meta name=\"twitter:card\" content=\"summary_large_image\" \/>\n<meta name=\"twitter:label1\" content=\"Est. reading time\" \/>\n\t<meta name=\"twitter:data1\" content=\"1 minute\" \/>\n<script type=\"application\/ld+json\" class=\"yoast-schema-graph\">{\"@context\":\"https:\\\/\\\/schema.org\",\"@graph\":[{\"@type\":\"WebPage\",\"@id\":\"https:\\\/\\\/resmila.lt\\\/produktas\\\/smeliavimas\\\/\",\"url\":\"https:\\\/\\\/resmila.lt\\\/produktas\\\/smeliavimas\\\/\",\"name\":\"Sm\u0117liavimas - resmila\",\"isPartOf\":{\"@id\":\"https:\\\/\\\/resmila.lt\\\/#website\"},\"primaryImageOfPage\":{\"@id\":\"https:\\\/\\\/resmila.lt\\\/produktas\\\/smeliavimas\\\/#primaryimage\"},\"image\":{\"@id\":\"https:\\\/\\\/resmila.lt\\\/produktas\\\/smeliavimas\\\/#primaryimage\"},\"thumbnailUrl\":\"https:\\\/\\\/resmila.lt\\\/wp-content\\\/uploads\\\/2025\\\/05\\\/smeliavimas2.jpg\",\"datePublished\":\"2025-05-06T07:16:01+00:00\",\"dateModified\":\"2026-04-08T12:43:40+00:00\",\"breadcrumb\":{\"@id\":\"https:\\\/\\\/resmila.lt\\\/produktas\\\/smeliavimas\\\/#breadcrumb\"},\"inLanguage\":\"en-US\",\"potentialAction\":[{\"@type\":\"ReadAction\",\"target\":[\"https:\\\/\\\/resmila.lt\\\/produktas\\\/smeliavimas\\\/\"]}]},{\"@type\":\"ImageObject\",\"inLanguage\":\"en-US\",\"@id\":\"https:\\\/\\\/resmila.lt\\\/produktas\\\/smeliavimas\\\/#primaryimage\",\"url\":\"https:\\\/\\\/resmila.lt\\\/wp-content\\\/uploads\\\/2025\\\/05\\\/smeliavimas2.jpg\",\"contentUrl\":\"https:\\\/\\\/resmila.lt\\\/wp-content\\\/uploads\\\/2025\\\/05\\\/smeliavimas2.jpg\",\"width\":1024,\"height\":768},{\"@type\":\"BreadcrumbList\",\"@id\":\"https:\\\/\\\/resmila.lt\\\/produktas\\\/smeliavimas\\\/#breadcrumb\",\"itemListElement\":[{\"@type\":\"ListItem\",\"position\":1,\"name\":\"Pagrindinis\",\"item\":\"https:\\\/\\\/resmila.lt\\\/\"},{\"@type\":\"ListItem\",\"position\":2,\"name\":\"Shop\",\"item\":\"https:\\\/\\\/resmila.lt\\\/parduotuve\\\/\"},{\"@type\":\"ListItem\",\"position\":3,\"name\":\"Sm\u0117liavimas\"}]},{\"@type\":\"WebSite\",\"@id\":\"https:\\\/\\\/resmila.lt\\\/#website\",\"url\":\"https:\\\/\\\/resmila.lt\\\/\",\"name\":\"resmila\",\"description\":\"\",\"potentialAction\":[{\"@type\":\"SearchAction\",\"target\":{\"@type\":\"EntryPoint\",\"urlTemplate\":\"https:\\\/\\\/resmila.lt\\\/?s={search_term_string}\"},\"query-input\":{\"@type\":\"PropertyValueSpecification\",\"valueRequired\":true,\"valueName\":\"search_term_string\"}}],\"inLanguage\":\"en-US\"}]}<\/script>\n<!-- \/ Yoast SEO plugin. -->","yoast_head_json":{"title":"Sm\u0117liavimas - resmila","robots":{"index":"index","follow":"follow","max-snippet":"max-snippet:-1","max-image-preview":"max-image-preview:large","max-video-preview":"max-video-preview:-1"},"canonical":"https:\/\/resmila.lt\/produktas\/smeliavimas\/","og_locale":"en_US","og_type":"article","og_title":"Sm\u0117liavimas - resmila","og_description":"Sm\u0117liavimas \u2013 tai laiko patikrintas ir itin efektyvus metalo pavir\u0161i\u0173 apdirbimo b\u016bdas. \u0160is procesas taikomas, kai reikia profesionaliai nuvalyti senus da\u017eus bei korozij\u0105, suteikti pavir\u0161iui mati\u0161kumo ar j\u012f pa\u0161iau\u0161ti prie\u0161 da\u017eym\u0105.","og_url":"https:\/\/resmila.lt\/produktas\/smeliavimas\/","og_site_name":"resmila","article_modified_time":"2026-04-08T12:43:40+00:00","og_image":[{"width":1024,"height":768,"url":"https:\/\/resmila.lt\/wp-content\/uploads\/2025\/05\/smeliavimas2.jpg","type":"image\/jpeg"}],"twitter_card":"summary_large_image","twitter_misc":{"Est. reading time":"1 minute"},"schema":{"@context":"https:\/\/schema.org","@graph":[{"@type":"WebPage","@id":"https:\/\/resmila.lt\/produktas\/smeliavimas\/","url":"https:\/\/resmila.lt\/produktas\/smeliavimas\/","name":"Sm\u0117liavimas - resmila","isPartOf":{"@id":"https:\/\/resmila.lt\/#website"},"primaryImageOfPage":{"@id":"https:\/\/resmila.lt\/produktas\/smeliavimas\/#primaryimage"},"image":{"@id":"https:\/\/resmila.lt\/produktas\/smeliavimas\/#primaryimage"},"thumbnailUrl":"https:\/\/resmila.lt\/wp-content\/uploads\/2025\/05\/smeliavimas2.jpg","datePublished":"2025-05-06T07:16:01+00:00","dateModified":"2026-04-08T12:43:40+00:00","breadcrumb":{"@id":"https:\/\/resmila.lt\/produktas\/smeliavimas\/#breadcrumb"},"inLanguage":"en-US","potentialAction":[{"@type":"ReadAction","target":["https:\/\/resmila.lt\/produktas\/smeliavimas\/"]}]},{"@type":"ImageObject","inLanguage":"en-US","@id":"https:\/\/resmila.lt\/produktas\/smeliavimas\/#primaryimage","url":"https:\/\/resmila.lt\/wp-content\/uploads\/2025\/05\/smeliavimas2.jpg","contentUrl":"https:\/\/resmila.lt\/wp-content\/uploads\/2025\/05\/smeliavimas2.jpg","width":1024,"height":768},{"@type":"BreadcrumbList","@id":"https:\/\/resmila.lt\/produktas\/smeliavimas\/#breadcrumb","itemListElement":[{"@type":"ListItem","position":1,"name":"Pagrindinis","item":"https:\/\/resmila.lt\/"},{"@type":"ListItem","position":2,"name":"Shop","item":"https:\/\/resmila.lt\/parduotuve\/"},{"@type":"ListItem","position":3,"name":"Sm\u0117liavimas"}]},{"@type":"WebSite","@id":"https:\/\/resmila.lt\/#website","url":"https:\/\/resmila.lt\/","name":"resmila","description":"","potentialAction":[{"@type":"SearchAction","target":{"@type":"EntryPoint","urlTemplate":"https:\/\/resmila.lt\/?s={search_term_string}"},"query-input":{"@type":"PropertyValueSpecification","valueRequired":true,"valueName":"search_term_string"}}],"inLanguage":"en-US"}]}},"_links":{"self":[{"href":"https:\/\/resmila.lt\/en\/wp-json\/wp\/v2\/product\/293","targetHints":{"allow":["GET"]}}],"collection":[{"href":"https:\/\/resmila.lt\/en\/wp-json\/wp\/v2\/product"}],"about":[{"href":"https:\/\/resmila.lt\/en\/wp-json\/wp\/v2\/types\/product"}],"replies":[{"embeddable":true,"href":"https:\/\/resmila.lt\/en\/wp-json\/wp\/v2\/comments?post=293"}],"wp:featuredmedia":[{"embeddable":true,"href":"https:\/\/resmila.lt\/en\/wp-json\/wp\/v2\/media\/782"}],"wp:attachment":[{"href":"https:\/\/resmila.lt\/en\/wp-json\/wp\/v2\/media?parent=293"}],"wp:term":[{"taxonomy":"product_brand","embeddable":true,"href":"https:\/\/resmila.lt\/en\/wp-json\/wp\/v2\/product_brand?post=293"},{"taxonomy":"product_cat","embeddable":true,"href":"https:\/\/resmila.lt\/en\/wp-json\/wp\/v2\/product_cat?post=293"},{"taxonomy":"product_tag","embeddable":true,"href":"https:\/\/resmila.lt\/en\/wp-json\/wp\/v2\/product_tag?post=293"}],"curies":[{"name":"wp","href":"https:\/\/api.w.org\/{rel}","templated":true}]}}