{"id":3,"date":"2025-04-29T08:40:38","date_gmt":"2025-04-29T08:40:38","guid":{"rendered":"https:\/\/resmila.lt\/?page_id=3"},"modified":"2026-02-05T12:02:44","modified_gmt":"2026-02-05T12:02:44","slug":"privatumo-politika","status":"publish","type":"page","link":"https:\/\/resmila.lt\/en\/privatumo-politika\/","title":{"rendered":"Privatumo politika"},"content":{"rendered":"\n<p><strong>BENDROSIOS NUOSTATOS<br><\/strong>1.1. Mums r\u016bpi J\u016bs\u0173 privatumas ir J\u016bs\u0173 asmens duomen\u0173 saugumas, tod\u0117l pareng\u0117me \u0161i\u0105 privatumo politik\u0105 (toliau \u2013 Privatumo politika), kurioje paai\u0161kiname kaip mes tvarkome bei saugome J\u016bs\u0173 asmens duomenis, kokias J\u016bs\u0173 teises u\u017etikriname, bei pateikiame kit\u0105 informacij\u0105 apie J\u016bs\u0173 asmens duomen\u0173 tvarkym\u0105.<\/p>\n\n\n\n<p>1.2. \u0160ioje Privatumo politikoje naudojama s\u0105voka \u201easmens duomenys\u201c (toliau \u2013 Asmens duomenys) rei\u0161kia bet koki\u0105 informacij\u0105 arba informacijos rinkin\u012f, pagal kuriuos mes galime tiesiogiai arba netiesiogiai nustatyti J\u016bs\u0173 tapatyb\u0119, pavyzd\u017eiui, pagal J\u016bs\u0173 vard\u0105, pavard\u0119, elektroninio pa\u0161to adres\u0105, telefono numer\u012f ir t.t.<\/p>\n\n\n\n<p>1.3. Tvarkydami Asmens duomenis laikom\u0117s Bendrojo duomen\u0173 apsaugos reglamento Nr. 2016\/679 (ES) (toliau \u2013 BDAR) bei Lietuvos Respublikos teis\u0117s akt\u0173 reikalavim\u0173, taip pat prie\u017ei\u016bros institucij\u0173 nurodym\u0173.<\/p>\n\n\n\n<p>1.4. Interneto svetain\u0117je ir Socialin\u0117se paskyrose gali b\u016bti nuorod\u0173 \u012f i\u0161orines svetaines, pavyzd\u017eiui, verslo partneri\u0173 svetaines, svetaines, reklamuojan\u010dias m\u016bs\u0173 paslaugas. Sekdami tokias nuorodas \u012f bet kuri\u0105 i\u0161 \u0161i\u0173 svetaini\u0173, atkreipkite d\u0117mes\u012f, kad \u0161ios svetain\u0117s ir per jas pasiekiamos paslaugos turi savo atskir\u0105 privatumo politik\u0105 ir kad mes neprisiimame atsakomyb\u0117s ar \u012fsipareigojim\u0173 d\u0117l \u0161ios politikos ar d\u0117l Asmens duomen\u0173 rinkimo \u0161iose svetain\u0117se. Prie\u0161 pateikdami Asmens duomenis \u0161ioms svetain\u0117ms ar naudodamiesi susijusiomis paslaugomis, svarbu per\u017ei\u016br\u0117ti j\u0173 privatumo politik\u0105.<\/p>\n\n\n\n<p>1.5. Jei naudojat\u0117s Paslaugomis, lankot\u0117s Interneto svetain\u0117je ar Socialin\u0117se paskyrose, susisiekiate su mumis, prenumeruojate m\u016bs\u0173 naujienas, u\u017epildote kandidato form\u0105 d\u0117l laisv\u0173 darbo viet\u0173 pas mus ar kreipiat\u0117s \u012f mus kitais klausimais, mes laikome, kad J\u016bs perskait\u0117te ir sutikote su Privatumo politikos s\u0105lygomis ir joje nurodytais Asmens duomen\u0173 naudojimo tikslais, b\u016bdais bei tvarka. Jei nesutinkate su Privatumo politika, J\u016bs negalite naudotis Paslaugomis, Interneto svetaine, Socialin\u0117mis paskyromis, taip pat kreiptis \u012f mus d\u0117l Paslaug\u0173, pasi\u016blym\u0173 ar kit\u0173 klausim\u0173.<\/p>\n\n\n\n<p>1.6. \u0160i Privatumo politika gali keistis, tad pra\u0161ome J\u016bs\u0173 laikas nuo laiko apsilankyti Interneto svetain\u0117je ir perskaityti skelbiam\u0105 naujausi\u0105 Privatumo politikos versij\u0105.<\/p>\n\n\n\n<p><strong>KOKIUS J\u016aS\u0172 ASMENS DUOMENIS MES TVARKOME?<br><\/strong>2.1. Mes tvarkome J\u016bs\u0173 Asmens duomenis, gautus tokiais b\u016bdais:<\/p>\n\n\n\n<p>2.1.1. Kai J\u016bs Asmens duomenis pateikiate mums, pavyzd\u017eiui atliekate registracij\u0105, naudojat\u0117s Interneto svetaine, u\u017esakote m\u016bs\u0173 Paslaugas, susisiekiate su mumis el. pa\u0161tu ar telefonu ir pan.;<\/p>\n\n\n\n<p>2.1.2. Kai mes surenkame J\u016bs\u0173 Asmens duomenis automati\u0161kai Jums naudojantis Interneto svetaine, Socialin\u0117mis paskyromis, pavyzd\u017eiui paslaug\u0173 naudojimo istorija, J\u016bs\u0173 IP adresas, slapukai, apsilankymo Interneto svetain\u0117je istorija, pasirinkimai, atidarytos URL nuorodos ir pan.;<\/p>\n\n\n\n<p>2.1.3. Kai Asmens duomenis mes gauname i\u0161 kit\u0173 asmen\u0173, pavyzd\u017eiui, kai informacij\u0105 gauname i\u0161 vie\u0161\u0173 registr\u0173, valstyb\u0117s ar vietos savivaldos institucij\u0173 ar \u012fstaig\u0173, m\u016bs\u0173 partneri\u0173, kit\u0173 tre\u010di\u0173j\u0173 asmen\u0173, pavyzd\u017eiui, mok\u0117jimo \u012fstaig\u0173 ir partneri\u0173 apie atliktus mok\u0117jimus ir pan.;<\/p>\n\n\n\n<p>2.1.4. Kai J\u016bs\u0173 Asmens duomenis, J\u016bs\u0173 sutikimu, mums pateikia kiti asmenys, \u012fskaitant ir m\u016bs\u0173 Paslaugas u\u017esakan\u010dias bendroves (m\u016bs\u0173 klientus), pavyzd\u017eiui, kai m\u016bs\u0173 klientai nurodo J\u016bs\u0173 kontaktus, nurodo Jus kaip \u012fgaliot\u0105 asmen\u012f ir pan.<\/p>\n\n\n\n<p>2.2. Asmens duomenis tvarkome, siekdami pasi\u016blyti bei suteikti Paslaugas, vykdyti m\u016bs\u0173 sutartinius \u012fsipareigojimus, taip pat siekdami m\u016bs\u0173 ar tre\u010di\u0173j\u0173 \u0161ali\u0173 teis\u0117to intereso, vykdydami teis\u0117s akt\u0173 nurodymus ar pareigas.<\/p>\n\n\n\n<p>2.3. Asmens duomenis mums teikiantis asmuo atsako u\u017e toki\u0173 Asmens duomen\u0173 teisingum\u0105, i\u0161samum\u0105 ir aktualum\u0105, taip pat u\u017e asmens, kurio duomenys teikiami, sutikim\u0105, kad jo Asmens duomenys b\u016bt\u0173 pateikti mums. Mes galime papra\u0161yti patvirtinti, kad asmuo turi teis\u0119 teikti mums Asmens duomenis (pavyzd\u017eiui, pildant paslaug\u0173 u\u017esakymo ar registracijos formas). Esant poreikiui (pavyzd\u017eiui, kai asmuo teiraujasi m\u016bs\u0173 apie jo Asmens duomen\u0173 gavim\u0105), mes nurodysime toki\u0173 duomen\u0173 teik\u0117j\u0105.<\/p>\n\n\n\n<p><strong>BAIGIAMOSIOS NUOSTATOS<br><\/strong>12.1. Mes galime keisti \u0161i\u0105 Privatumo politik\u0105. Apie pakeitimus prane\u0161ime Interneto svetain\u0117je patalpindami atnaujint\u0105 Privatumo politik\u0105, ar kitais \u012fprastais komunikacijos b\u016bdais. Privatumo politikos papildymai ar pakeitimai \u012fsigalioja nuo atnaujinimo datos, nurodytos Privatumo politikoje, nebent b\u016bt\u0173 nurodytas kitas \u012fsigaliojimo terminas.<\/p>\n\n\n\n<p>12.2. Jei J\u016bs po Privatumo politikos s\u0105lyg\u0173 pakeitimo ir toliau naudojat\u0117s Interneto svetaine, u\u017esakote Paslaugas, naudojat\u0117s m\u016bs\u0173 Socialin\u0117mis paskyromis, susisiekiate su mumis laikoma, kad J\u016bs sutikote su pakeistomis Privatumo politikos s\u0105lygomis.<\/p>\n","protected":false},"excerpt":{"rendered":"<p>BENDROSIOS NUOSTATOS1.1. Mums r\u016bpi J\u016bs\u0173 privatumas ir J\u016bs\u0173 asmens duomen\u0173 saugumas, tod\u0117l pareng\u0117me \u0161i\u0105 privatumo politik\u0105 (toliau \u2013 Privatumo politika), kurioje paai\u0161kiname kaip mes tvarkome bei saugome J\u016bs\u0173 asmens duomenis, kokias J\u016bs\u0173 teises u\u017etikriname, bei pateikiame kit\u0105 informacij\u0105 apie J\u016bs\u0173 asmens duomen\u0173 tvarkym\u0105. 1.2. \u0160ioje Privatumo politikoje naudojama s\u0105voka \u201easmens duomenys\u201c (toliau \u2013 Asmens duomenys) [&hellip;]<\/p>\n","protected":false},"author":1,"featured_media":0,"parent":0,"menu_order":0,"comment_status":"closed","ping_status":"open","template":"","meta":{"_acf_changed":false,"footnotes":""},"class_list":["post-3","page","type-page","status-publish","hentry"],"acf":[],"yoast_head":"<!-- This site is optimized with the Yoast SEO plugin v27.4 - https:\/\/yoast.com\/product\/yoast-seo-wordpress\/ -->\n<title>Privatumo politika - resmila<\/title>\n<meta name=\"robots\" content=\"index, follow, max-snippet:-1, max-image-preview:large, max-video-preview:-1\" \/>\n<link rel=\"canonical\" href=\"https:\/\/resmila.lt\/privatumo-politika\/\" \/>\n<meta property=\"og:locale\" content=\"en_US\" \/>\n<meta property=\"og:type\" content=\"article\" \/>\n<meta property=\"og:title\" content=\"Privatumo politika - resmila\" \/>\n<meta property=\"og:description\" content=\"BENDROSIOS NUOSTATOS1.1. Mums r\u016bpi J\u016bs\u0173 privatumas ir J\u016bs\u0173 asmens duomen\u0173 saugumas, tod\u0117l pareng\u0117me \u0161i\u0105 privatumo politik\u0105 (toliau \u2013 Privatumo politika), kurioje paai\u0161kiname kaip mes tvarkome bei saugome J\u016bs\u0173 asmens duomenis, kokias J\u016bs\u0173 teises u\u017etikriname, bei pateikiame kit\u0105 informacij\u0105 apie J\u016bs\u0173 asmens duomen\u0173 tvarkym\u0105. 1.2. \u0160ioje Privatumo politikoje naudojama s\u0105voka \u201easmens duomenys\u201c (toliau \u2013 Asmens duomenys) [&hellip;]\" \/>\n<meta property=\"og:url\" content=\"https:\/\/resmila.lt\/privatumo-politika\/\" \/>\n<meta property=\"og:site_name\" content=\"resmila\" \/>\n<meta property=\"article:modified_time\" content=\"2026-02-05T12:02:44+00:00\" \/>\n<meta name=\"twitter:card\" content=\"summary_large_image\" \/>\n<meta name=\"twitter:label1\" content=\"Est. reading time\" \/>\n\t<meta name=\"twitter:data1\" content=\"4 minutes\" \/>\n<script type=\"application\/ld+json\" class=\"yoast-schema-graph\">{\"@context\":\"https:\\\/\\\/schema.org\",\"@graph\":[{\"@type\":\"WebPage\",\"@id\":\"https:\\\/\\\/resmila.lt\\\/privatumo-politika\\\/\",\"url\":\"https:\\\/\\\/resmila.lt\\\/privatumo-politika\\\/\",\"name\":\"Privatumo politika - resmila\",\"isPartOf\":{\"@id\":\"https:\\\/\\\/resmila.lt\\\/#website\"},\"datePublished\":\"2025-04-29T08:40:38+00:00\",\"dateModified\":\"2026-02-05T12:02:44+00:00\",\"breadcrumb\":{\"@id\":\"https:\\\/\\\/resmila.lt\\\/privatumo-politika\\\/#breadcrumb\"},\"inLanguage\":\"en-US\",\"potentialAction\":[{\"@type\":\"ReadAction\",\"target\":[\"https:\\\/\\\/resmila.lt\\\/privatumo-politika\\\/\"]}]},{\"@type\":\"BreadcrumbList\",\"@id\":\"https:\\\/\\\/resmila.lt\\\/privatumo-politika\\\/#breadcrumb\",\"itemListElement\":[{\"@type\":\"ListItem\",\"position\":1,\"name\":\"Pagrindinis\",\"item\":\"https:\\\/\\\/resmila.lt\\\/\"},{\"@type\":\"ListItem\",\"position\":2,\"name\":\"Privatumo politika\"}]},{\"@type\":\"WebSite\",\"@id\":\"https:\\\/\\\/resmila.lt\\\/#website\",\"url\":\"https:\\\/\\\/resmila.lt\\\/\",\"name\":\"resmila\",\"description\":\"\",\"potentialAction\":[{\"@type\":\"SearchAction\",\"target\":{\"@type\":\"EntryPoint\",\"urlTemplate\":\"https:\\\/\\\/resmila.lt\\\/?s={search_term_string}\"},\"query-input\":{\"@type\":\"PropertyValueSpecification\",\"valueRequired\":true,\"valueName\":\"search_term_string\"}}],\"inLanguage\":\"en-US\"}]}<\/script>\n<!-- \/ Yoast SEO plugin. -->","yoast_head_json":{"title":"Privatumo politika - resmila","robots":{"index":"index","follow":"follow","max-snippet":"max-snippet:-1","max-image-preview":"max-image-preview:large","max-video-preview":"max-video-preview:-1"},"canonical":"https:\/\/resmila.lt\/privatumo-politika\/","og_locale":"en_US","og_type":"article","og_title":"Privatumo politika - resmila","og_description":"BENDROSIOS NUOSTATOS1.1. Mums r\u016bpi J\u016bs\u0173 privatumas ir J\u016bs\u0173 asmens duomen\u0173 saugumas, tod\u0117l pareng\u0117me \u0161i\u0105 privatumo politik\u0105 (toliau \u2013 Privatumo politika), kurioje paai\u0161kiname kaip mes tvarkome bei saugome J\u016bs\u0173 asmens duomenis, kokias J\u016bs\u0173 teises u\u017etikriname, bei pateikiame kit\u0105 informacij\u0105 apie J\u016bs\u0173 asmens duomen\u0173 tvarkym\u0105. 1.2. \u0160ioje Privatumo politikoje naudojama s\u0105voka \u201easmens duomenys\u201c (toliau \u2013 Asmens duomenys) [&hellip;]","og_url":"https:\/\/resmila.lt\/privatumo-politika\/","og_site_name":"resmila","article_modified_time":"2026-02-05T12:02:44+00:00","twitter_card":"summary_large_image","twitter_misc":{"Est. reading time":"4 minutes"},"schema":{"@context":"https:\/\/schema.org","@graph":[{"@type":"WebPage","@id":"https:\/\/resmila.lt\/privatumo-politika\/","url":"https:\/\/resmila.lt\/privatumo-politika\/","name":"Privatumo politika - resmila","isPartOf":{"@id":"https:\/\/resmila.lt\/#website"},"datePublished":"2025-04-29T08:40:38+00:00","dateModified":"2026-02-05T12:02:44+00:00","breadcrumb":{"@id":"https:\/\/resmila.lt\/privatumo-politika\/#breadcrumb"},"inLanguage":"en-US","potentialAction":[{"@type":"ReadAction","target":["https:\/\/resmila.lt\/privatumo-politika\/"]}]},{"@type":"BreadcrumbList","@id":"https:\/\/resmila.lt\/privatumo-politika\/#breadcrumb","itemListElement":[{"@type":"ListItem","position":1,"name":"Pagrindinis","item":"https:\/\/resmila.lt\/"},{"@type":"ListItem","position":2,"name":"Privatumo politika"}]},{"@type":"WebSite","@id":"https:\/\/resmila.lt\/#website","url":"https:\/\/resmila.lt\/","name":"resmila","description":"","potentialAction":[{"@type":"SearchAction","target":{"@type":"EntryPoint","urlTemplate":"https:\/\/resmila.lt\/?s={search_term_string}"},"query-input":{"@type":"PropertyValueSpecification","valueRequired":true,"valueName":"search_term_string"}}],"inLanguage":"en-US"}]}},"_links":{"self":[{"href":"https:\/\/resmila.lt\/en\/wp-json\/wp\/v2\/pages\/3","targetHints":{"allow":["GET"]}}],"collection":[{"href":"https:\/\/resmila.lt\/en\/wp-json\/wp\/v2\/pages"}],"about":[{"href":"https:\/\/resmila.lt\/en\/wp-json\/wp\/v2\/types\/page"}],"author":[{"embeddable":true,"href":"https:\/\/resmila.lt\/en\/wp-json\/wp\/v2\/users\/1"}],"replies":[{"embeddable":true,"href":"https:\/\/resmila.lt\/en\/wp-json\/wp\/v2\/comments?post=3"}],"version-history":[{"count":0,"href":"https:\/\/resmila.lt\/en\/wp-json\/wp\/v2\/pages\/3\/revisions"}],"wp:attachment":[{"href":"https:\/\/resmila.lt\/en\/wp-json\/wp\/v2\/media?parent=3"}],"curies":[{"name":"wp","href":"https:\/\/api.w.org\/{rel}","templated":true}]}}