{"id":19,"date":"2025-04-29T08:52:49","date_gmt":"2025-04-29T08:52:49","guid":{"rendered":"https:\/\/resmila.lt\/my-account\/"},"modified":"2025-04-29T08:55:36","modified_gmt":"2025-04-29T08:55:36","slug":"my-account","status":"publish","type":"page","link":"https:\/\/resmila.lt\/en\/my-account\/","title":{"rendered":"My Account"},"content":{"rendered":"<div class=\"woocommerce\"><div class=\"woocommerce-notices-wrapper\"><\/div>\n<div class=\"login-reg-form\">\n\n\t\n\t\t<div class=\"u-columns col2-set\" id=\"customer_login\">\n\n\t\t\t<div class=\"u-column1 col-1\">\n\n\t\t\t\n\t\t\t<h2>Login<\/h2>\n\n\t\t\t<div class=\"login-form-ins\">\n\t\t\t\t<h3>Jau esate pirk\u0119s pas mus?<\/h3>\n\t\t\t\t<span class=\"prsijunkite\">Prisijunkite:<\/span>\n\t\t\t\t<form class=\"woocommerce-form woocommerce-form-login login\" method=\"post\">\n\n\t\t\t\t\t\n\t\t\t\t\t<p class=\"woocommerce-form-row woocommerce-form-row--wide form-row form-row-wide\">\n\t\t\t\t\t\t<label\n\t\t\t\t\t\t\tfor=\"username\">Username or email address&nbsp;<span\n\t\t\t\t\t\t\t\tclass=\"required\" aria-hidden=\"true\">*<\/span><span\n\t\t\t\t\t\t\t\tclass=\"screen-reader-text\">Required<\/span><\/label>\n\t\t\t\t\t\t<input type=\"text\" class=\"woocommerce-Input woocommerce-Input--text input-text\" name=\"username\"\n\t\t\t\t\t\t\tid=\"username\" autocomplete=\"username\"\n\t\t\t\t\t\t\tvalue=\"\"\n\t\t\t\t\t\t\trequired aria-required=\"true\" \/>\n\t\t\t\t\t<\/p>\n\t\t\t\t\t<p class=\"woocommerce-form-row woocommerce-form-row--wide form-row form-row-wide\">\n\t\t\t\t\t\t<label for=\"password\">Password&nbsp;<span\n\t\t\t\t\t\t\t\tclass=\"required\" aria-hidden=\"true\">*<\/span><span\n\t\t\t\t\t\t\t\tclass=\"screen-reader-text\">Required<\/span><\/label>\n\t\t\t\t\t\t<input class=\"woocommerce-Input woocommerce-Input--text input-text\" type=\"password\"\n\t\t\t\t\t\t\tname=\"password\" id=\"password\" autocomplete=\"current-password\" required\n\t\t\t\t\t\t\taria-required=\"true\" \/>\n\t\t\t\t\t<\/p>\n\n\t\t\t\t\t<input type=\"hidden\" id=\"wpa_initiator\" class=\"wpa_initiator\" name=\"wpa_initiator\" value=\"\" \/>\n\t\t\t\t\t<p class=\"form-row remeber-me\">\n\t\t\t\t\t\t<label\n\t\t\t\t\t\t\tclass=\"woocommerce-form__label woocommerce-form__label-for-checkbox woocommerce-form-login__rememberme\">\n\t\t\t\t\t\t\t<input class=\"woocommerce-form__input woocommerce-form__input-checkbox\" name=\"rememberme\"\n\t\t\t\t\t\t\t\ttype=\"checkbox\" id=\"rememberme\" value=\"forever\" \/>\n\t\t\t\t\t\t\t<span>Remember me<\/span>\n\t\t\t\t\t\t<\/label>\n\t\t\t\t\t\t<input type=\"hidden\" id=\"woocommerce-login-nonce\" name=\"woocommerce-login-nonce\" value=\"186f259226\" \/><input type=\"hidden\" name=\"_wp_http_referer\" value=\"\/en\/wp-json\/wp\/v2\/pages\/19\" \/>\t\t\t\t\t\t<button class=\"woo-login-button\" type=\"submit\"\n\t\t\t\t\t\t\tclass=\"woocommerce-button button woocommerce-form-login__submit\"\n\t\t\t\t\t\t\tname=\"login\"\n\t\t\t\t\t\t\tvalue=\"Log in\">Log in<\/button>\n\t\t\t\t\t<\/p>\n\t\t\t\t\t<p class=\"woocommerce-LostPassword lost_password\">\n\t\t\t\t\t\t<a\n\t\t\t\t\t\t\thref=\"https:\/\/resmila.lt\/en\/my-account\/lost-password\/\">Pamir\u0161au slapta\u017eod\u012f...<\/a>\n\t\t\t\t\t<\/p>\n\n\t\t\t\t\t\n\t\t\t\t<\/form>\n\n\t\t\t\t<h3 class=\"new-client\">Naujas klientas?<\/h3>\n\n\t\t\t\t<a class=\"woo-login-button\" href=\"javascript:void(0);\" id=\"show-register-form\">Nauja registracija<\/a>\n\n\t\t\t\t<span class=\"our\">Arba<\/span>\n\n\t\t\t\t<a class=\"woo-login-button svecias\" href=\"https:\/\/resmila.lt\/en\/shop\/\">Pirksiu kaip sve\u010dias<\/a>\n\t\t\t<\/div>\n\n\t\t\t\n\t\t\t<\/div>\n\n\t\t\t<div class=\"u-column2 col-2\">\n\n\t\t\t\t<h2>Register<\/h2>\n\n\t\t\t\t<div class=\"reg-form-ins\">\n\t\t\t\t\t<form method=\"post\" class=\"woocommerce-form woocommerce-form-register register\" >\n\n\t\t\t\t\t\t\n\t\t\t\t\t\t\n\t\t\t\t\t\t<p class=\"woocommerce-form-row woocommerce-form-row--wide form-row form-row-wide\">\n\t\t\t\t\t\t\t<label for=\"reg_email\">Email address&nbsp;<span\n\t\t\t\t\t\t\t\t\tclass=\"required\" aria-hidden=\"true\">*<\/span><span\n\t\t\t\t\t\t\t\t\tclass=\"screen-reader-text\">Required<\/span><\/label>\n\t\t\t\t\t\t\t<input type=\"email\" class=\"woocommerce-Input woocommerce-Input--text input-text\" name=\"email\"\n\t\t\t\t\t\t\t\tid=\"reg_email\" autocomplete=\"email\"\n\t\t\t\t\t\t\t\tvalue=\"\"\n\t\t\t\t\t\t\t\trequired aria-required=\"true\" \/>\n\t\t\t\t\t\t<\/p>\n\n\t\t\t\t\t\t\n\t\t\t\t\t\t\t<p>A link to set a new password will be sent to your email address.\t\t\t\t\t\t\t<\/p>\n\n\t\t\t\t\t\t\n\t\t\t\t\t\t<wc-order-attribution-inputs><\/wc-order-attribution-inputs><div class=\"woocommerce-privacy-policy-text\"><p>J\u016bs\u0173 asmeniniai duomenys bus naudojami patogesniam nar\u0161ymui \u0161iame tinklalapyje, paskyros valdymui bei kitoms reikm\u0117ms, kurios apra\u0161ytos m\u016bs\u0173 <a href=\"https:\/\/resmila.lt\/en\/privatumo-politika\/\" class=\"woocommerce-privacy-policy-link\" target=\"_blank\">privacy policy<\/a>.<\/p>\n<\/div>\n\t\t\t\t\t\t<p class=\"woocommerce-form-row form-row remeber-me\">\n\t\t\t\t\t\t\t<input type=\"hidden\" id=\"woocommerce-register-nonce\" name=\"woocommerce-register-nonce\" value=\"1051b468fe\" \/><input type=\"hidden\" name=\"_wp_http_referer\" value=\"\/en\/wp-json\/wp\/v2\/pages\/19\" \/>\t\t\t\t\t\t\t<button type=\"submit\"\n\t\t\t\t\t\t\t\tclass=\"woo-login-button woocommerce-Button woocommerce-button button woocommerce-form-register__submit\"\n\t\t\t\t\t\t\t\tname=\"register\"\n\t\t\t\t\t\t\t\tvalue=\"Register\">Register<\/button>\n\t\t\t\t\t\t<\/p>\n\n\t\t\t\t\t\t\n\t\t\t\t\t<\/form>\n\n\t\t\t\t\t<h3 class=\"new-client\">Esat u\u017esiregistrav\u0119s?<\/h3>\n\n\t\t\t\t\t<a class=\"woo-login-button\" href=\"javascript:void(0);\" id=\"show-login-form\">Gr\u012f\u017eti \u012f prisijungim\u0105<\/a>\n\n\t\t\t\t\t<span class=\"our\">Arba<\/span>\n\n\t\t\t\t\t<a class=\"woo-login-button svecias\" href=\"https:\/\/resmila.lt\/en\/shop\/\">Pirksiu kaip sve\u010dias<\/a>\n\t\t\t\t<\/div>\n\n\t\t\t<\/div>\n\n\t\t<\/div>\n\t\n<\/div>\n\n<\/div>\n","protected":false},"excerpt":{"rendered":"","protected":false},"author":1,"featured_media":0,"parent":0,"menu_order":0,"comment_status":"closed","ping_status":"closed","template":"","meta":{"_acf_changed":false,"footnotes":""},"class_list":["post-19","page","type-page","status-publish","hentry"],"acf":[],"yoast_head":"<!-- This site is optimized with the Yoast SEO plugin v27.4 - https:\/\/yoast.com\/product\/yoast-seo-wordpress\/ -->\n<title>My Account - resmila<\/title>\n<meta name=\"robots\" content=\"index, follow, max-snippet:-1, max-image-preview:large, max-video-preview:-1\" \/>\n<link rel=\"canonical\" href=\"https:\/\/resmila.lt\/paskyra\/\" \/>\n<meta property=\"og:locale\" content=\"en_US\" \/>\n<meta property=\"og:type\" content=\"article\" \/>\n<meta property=\"og:title\" content=\"My Account - resmila\" \/>\n<meta property=\"og:url\" content=\"https:\/\/resmila.lt\/paskyra\/\" \/>\n<meta property=\"og:site_name\" content=\"resmila\" \/>\n<meta property=\"article:modified_time\" content=\"2025-04-29T08:55:36+00:00\" \/>\n<meta name=\"twitter:card\" content=\"summary_large_image\" \/>\n<script type=\"application\/ld+json\" class=\"yoast-schema-graph\">{\"@context\":\"https:\\\/\\\/schema.org\",\"@graph\":[{\"@type\":\"WebPage\",\"@id\":\"https:\\\/\\\/resmila.lt\\\/paskyra\\\/\",\"url\":\"https:\\\/\\\/resmila.lt\\\/paskyra\\\/\",\"name\":\"My Account - resmila\",\"isPartOf\":{\"@id\":\"https:\\\/\\\/resmila.lt\\\/#website\"},\"datePublished\":\"2025-04-29T08:52:49+00:00\",\"dateModified\":\"2025-04-29T08:55:36+00:00\",\"breadcrumb\":{\"@id\":\"https:\\\/\\\/resmila.lt\\\/paskyra\\\/#breadcrumb\"},\"inLanguage\":\"en-US\",\"potentialAction\":[{\"@type\":\"ReadAction\",\"target\":[\"https:\\\/\\\/resmila.lt\\\/paskyra\\\/\"]}]},{\"@type\":\"BreadcrumbList\",\"@id\":\"https:\\\/\\\/resmila.lt\\\/paskyra\\\/#breadcrumb\",\"itemListElement\":[{\"@type\":\"ListItem\",\"position\":1,\"name\":\"Pagrindinis\",\"item\":\"https:\\\/\\\/resmila.lt\\\/\"},{\"@type\":\"ListItem\",\"position\":2,\"name\":\"My Account\"}]},{\"@type\":\"WebSite\",\"@id\":\"https:\\\/\\\/resmila.lt\\\/#website\",\"url\":\"https:\\\/\\\/resmila.lt\\\/\",\"name\":\"resmila\",\"description\":\"\",\"potentialAction\":[{\"@type\":\"SearchAction\",\"target\":{\"@type\":\"EntryPoint\",\"urlTemplate\":\"https:\\\/\\\/resmila.lt\\\/?s={search_term_string}\"},\"query-input\":{\"@type\":\"PropertyValueSpecification\",\"valueRequired\":true,\"valueName\":\"search_term_string\"}}],\"inLanguage\":\"en-US\"}]}<\/script>\n<!-- \/ Yoast SEO plugin. -->","yoast_head_json":{"title":"My Account - resmila","robots":{"index":"index","follow":"follow","max-snippet":"max-snippet:-1","max-image-preview":"max-image-preview:large","max-video-preview":"max-video-preview:-1"},"canonical":"https:\/\/resmila.lt\/paskyra\/","og_locale":"en_US","og_type":"article","og_title":"My Account - resmila","og_url":"https:\/\/resmila.lt\/paskyra\/","og_site_name":"resmila","article_modified_time":"2025-04-29T08:55:36+00:00","twitter_card":"summary_large_image","schema":{"@context":"https:\/\/schema.org","@graph":[{"@type":"WebPage","@id":"https:\/\/resmila.lt\/paskyra\/","url":"https:\/\/resmila.lt\/paskyra\/","name":"My Account - resmila","isPartOf":{"@id":"https:\/\/resmila.lt\/#website"},"datePublished":"2025-04-29T08:52:49+00:00","dateModified":"2025-04-29T08:55:36+00:00","breadcrumb":{"@id":"https:\/\/resmila.lt\/paskyra\/#breadcrumb"},"inLanguage":"en-US","potentialAction":[{"@type":"ReadAction","target":["https:\/\/resmila.lt\/paskyra\/"]}]},{"@type":"BreadcrumbList","@id":"https:\/\/resmila.lt\/paskyra\/#breadcrumb","itemListElement":[{"@type":"ListItem","position":1,"name":"Pagrindinis","item":"https:\/\/resmila.lt\/"},{"@type":"ListItem","position":2,"name":"My Account"}]},{"@type":"WebSite","@id":"https:\/\/resmila.lt\/#website","url":"https:\/\/resmila.lt\/","name":"resmila","description":"","potentialAction":[{"@type":"SearchAction","target":{"@type":"EntryPoint","urlTemplate":"https:\/\/resmila.lt\/?s={search_term_string}"},"query-input":{"@type":"PropertyValueSpecification","valueRequired":true,"valueName":"search_term_string"}}],"inLanguage":"en-US"}]}},"_links":{"self":[{"href":"https:\/\/resmila.lt\/en\/wp-json\/wp\/v2\/pages\/19","targetHints":{"allow":["GET"]}}],"collection":[{"href":"https:\/\/resmila.lt\/en\/wp-json\/wp\/v2\/pages"}],"about":[{"href":"https:\/\/resmila.lt\/en\/wp-json\/wp\/v2\/types\/page"}],"author":[{"embeddable":true,"href":"https:\/\/resmila.lt\/en\/wp-json\/wp\/v2\/users\/1"}],"replies":[{"embeddable":true,"href":"https:\/\/resmila.lt\/en\/wp-json\/wp\/v2\/comments?post=19"}],"version-history":[{"count":0,"href":"https:\/\/resmila.lt\/en\/wp-json\/wp\/v2\/pages\/19\/revisions"}],"wp:attachment":[{"href":"https:\/\/resmila.lt\/en\/wp-json\/wp\/v2\/media?parent=19"}],"curies":[{"name":"wp","href":"https:\/\/api.w.org\/{rel}","templated":true}]}}